{"id":81,"date":"2024-06-19T15:56:12","date_gmt":"2024-06-19T13:56:12","guid":{"rendered":"https:\/\/novostableracing.com\/?page_id=81"},"modified":"2024-11-15T10:27:59","modified_gmt":"2024-11-15T09:27:59","slug":"ou-acheter","status":"publish","type":"page","link":"https:\/\/novostableracing.com\/fr\/ou-acheter\/","title":{"rendered":"O\u00f9 acheter"},"content":{"rendered":"<p>[et_pb_section fb_built=\u00a0\u00bb1&Prime; _builder_version=\u00a0\u00bb4.24.0&Prime; _module_preset=\u00a0\u00bbdefault\u00a0\u00bb background_color=\u00a0\u00bbgcid-a01e876b-4c9a-4c1d-b51c-752860ca0ae7&Prime; global_colors_info=\u00a0\u00bb{%22gcid-a01e876b-4c9a-4c1d-b51c-752860ca0ae7%22:%91%22background_color%22%93}\u00a0\u00bb][et_pb_row _builder_version=\u00a0\u00bb4.24.0&Prime; _module_preset=\u00a0\u00bbdefault\u00a0\u00bb custom_padding=\u00a0\u00bb||11px|||\u00a0\u00bb global_colors_info=\u00a0\u00bb{}\u00a0\u00bb][et_pb_column type=\u00a0\u00bb4_4&Prime; _builder_version=\u00a0\u00bb4.24.0&Prime; _module_preset=\u00a0\u00bbdefault\u00a0\u00bb global_colors_info=\u00a0\u00bb{}\u00a0\u00bb][et_pb_text _builder_version=\u00a0\u00bb4.24.0&Prime; _module_preset=\u00a0\u00bbdefault\u00a0\u00bb header_font=\u00a0\u00bb|300|||||||\u00a0\u00bb global_colors_info=\u00a0\u00bb{}\u00a0\u00bb]<\/p>\n<h1 style=\"text-align: center;\">O\u00f9 acheter NOVOSTABLE ?<\/h1>\n<p style=\"text-align: center;\"><strong>France et renseignements g\u00e9n\u00e9raux<\/strong><\/p>\n<p>[\/et_pb_text][et_pb_image src=\u00a0\u00bbhttps:\/\/novostableracing.com\/wp-content\/uploads\/2024\/06\/drapeau-france.png\u00a0\u00bb alt=\u00a0\u00bbFin drapeau de la france\u00a0\u00bb title_text=\u00a0\u00bbdrapeau-france\u00a0\u00bb align=\u00a0\u00bbcenter\u00a0\u00bb _builder_version=\u00a0\u00bb4.24.0&Prime; _module_preset=\u00a0\u00bbdefault\u00a0\u00bb custom_margin=\u00a0\u00bb||17px|||\u00a0\u00bb locked=\u00a0\u00bboff\u00a0\u00bb global_colors_info=\u00a0\u00bb{}\u00a0\u00bb][\/et_pb_image][\/et_pb_column][\/et_pb_row][et_pb_row column_structure=\u00a0\u00bb2_3,1_3&Prime; _builder_version=\u00a0\u00bb4.24.0&Prime; _module_preset=\u00a0\u00bbdefault\u00a0\u00bb custom_padding=\u00a0\u00bb||11px|||\u00a0\u00bb global_colors_info=\u00a0\u00bb{}\u00a0\u00bb][et_pb_column type=\u00a0\u00bb2_3&Prime; _builder_version=\u00a0\u00bb4.24.0&Prime; _module_preset=\u00a0\u00bbdefault\u00a0\u00bb global_colors_info=\u00a0\u00bb{}\u00a0\u00bb][et_pb_text _builder_version=\u00a0\u00bb4.24.0&Prime; _module_preset=\u00a0\u00bbdefault\u00a0\u00bb global_colors_info=\u00a0\u00bb{}\u00a0\u00bb]<\/p>\n<p>NOVOSTABLE offre des solutions innovantes pour la surveillance et le bien-\u00eatre de vos chevaux. Nos experts sont l\u00e0 pour vous aider \u00e0 choisir la meilleure solution de vid\u00e9osurveillance avec Intelligence Artificielle pour r\u00e9pondre au mieux \u00e0 vos besoins.<\/p>\n<p>Envie de voir nos solutions en action ? Pr\u00eat \u00e0 franchir le pas ?<\/p>\n<p><strong>Contactez-nous pour une d\u00e9monstration ou un devis.<\/strong><\/p>\n<p>[\/et_pb_text][et_pb_button button_url=\u00a0\u00bbhttps:\/\/novostableracing.com\/contact\/\u00a0\u00bb button_text=\u00a0\u00bbNOUS CONTACTER\u00a0\u00bb _builder_version=\u00a0\u00bb4.24.0&Prime; _module_preset=\u00a0\u00bbdefault\u00a0\u00bb custom_margin=\u00a0\u00bb|||464px||\u00a0\u00bb global_colors_info=\u00a0\u00bb{}\u00a0\u00bb][\/et_pb_button][\/et_pb_column][et_pb_column type=\u00a0\u00bb1_3&Prime; _builder_version=\u00a0\u00bb4.24.0&Prime; _module_preset=\u00a0\u00bbdefault\u00a0\u00bb global_colors_info=\u00a0\u00bb{}\u00a0\u00bb][et_pb_image src=\u00a0\u00bbhttps:\/\/novostableracing.com\/wp-content\/uploads\/2024\/11\/Copie-de-Presentation-NOVOSTABLE-NHMU-e1730893578940.png\u00a0\u00bb alt=\u00a0\u00bbMise en forme montrant l&rsquo;application mobile Novostable, la cam\u00e9ra et un exemple d&rsquo;utilisation avec un cheval\u00a0\u00bb title_text=\u00a0\u00bbCarte du monde\u00a0\u00bb _builder_version=\u00a0\u00bb4.24.0&Prime; _module_preset=\u00a0\u00bbdefault\u00a0\u00bb custom_margin=\u00a0\u00bb-76px|||||\u00a0\u00bb border_radii=\u00a0\u00bbon|10px|10px|10px|10px\u00a0\u00bb global_colors_info=\u00a0\u00bb{}\u00a0\u00bb][\/et_pb_image][et_pb_text _builder_version=\u00a0\u00bb4.24.0&Prime; _module_preset=\u00a0\u00bbdefault\u00a0\u00bb text_line_height=\u00a0\u00bb1.3em\u00a0\u00bb global_colors_info=\u00a0\u00bb{}\u00a0\u00bb]<\/p>\n<p style=\"text-align: center;\"><em>Nous distribuons nos solutions partout dans le monde et serons heureux de r\u00e9pondre \u00e0 vos besoins.<\/em><\/p>\n<p>[\/et_pb_text][\/et_pb_column][\/et_pb_row][\/et_pb_section][et_pb_section fb_built=\u00a0\u00bb1&Prime; _builder_version=\u00a0\u00bb4.24.0&Prime; _module_preset=\u00a0\u00bbdefault\u00a0\u00bb custom_padding=\u00a0\u00bb0px|||||\u00a0\u00bb global_colors_info=\u00a0\u00bb{}\u00a0\u00bb][et_pb_row _builder_version=\u00a0\u00bb4.24.0&Prime; _module_preset=\u00a0\u00bbdefault\u00a0\u00bb width_tablet=\u00a0\u00bb100%\u00a0\u00bb width_phone=\u00a0\u00bb100%\u00a0\u00bb width_last_edited=\u00a0\u00bbon|desktop\u00a0\u00bb global_colors_info=\u00a0\u00bb{}\u00a0\u00bb][et_pb_column type=\u00a0\u00bb4_4&Prime; _builder_version=\u00a0\u00bb4.24.0&Prime; _module_preset=\u00a0\u00bbdefault\u00a0\u00bb global_colors_info=\u00a0\u00bb{}\u00a0\u00bb][et_pb_text _builder_version=\u00a0\u00bb4.24.0&Prime; _module_preset=\u00a0\u00bbdefault\u00a0\u00bb global_colors_info=\u00a0\u00bb{}\u00a0\u00bb]<\/p>\n<h2 style=\"text-align: center;\">Nos distributeurs \u00e0 travers le monde<\/h2>\n<p>[\/et_pb_text][et_pb_text _builder_version=\u00a0\u00bb4.24.0&Prime; _module_preset=\u00a0\u00bbdefault\u00a0\u00bb global_colors_info=\u00a0\u00bb{}\u00a0\u00bb]<\/p>\n<p style=\"text-align: center;\">Nos distributeurs partenaires vous garantissent un service de proximit\u00e9, avec un accompagnement personnalis\u00e9 \u00e0 chaque \u00e9tape pour r\u00e9pondre au mieux \u00e0 vos besoins.<br \/>Si votre pays n&rsquo;est pas dans notre liste, contactez-nous.<\/p>\n<p>[\/et_pb_text][et_pb_tabs active_tab_background_color=\u00a0\u00bb#226B74&Prime; inactive_tab_background_color=\u00a0\u00bb#0F2A2E\u00a0\u00bb active_tab_text_color=\u00a0\u00bb#FFFFFF\u00a0\u00bb _builder_version=\u00a0\u00bb4.24.0&Prime; _module_preset=\u00a0\u00bbdefault\u00a0\u00bb tab_text_color=\u00a0\u00bb#FFFFFF\u00a0\u00bb tab_font=\u00a0\u00bb|||on|||||\u00a0\u00bb custom_css_tabs_controls=\u00a0\u00bbbackground:transparent;||\u00a0\u00bb custom_css_tab=\u00a0\u00bbborder-style:none;\u00a0\u00bb global_colors_info=\u00a0\u00bb{}\u00a0\u00bb][et_pb_tab title=\u00a0\u00bbFrance\u00a0\u00bb _builder_version=\u00a0\u00bb4.24.0&Prime; _module_preset=\u00a0\u00bbdefault\u00a0\u00bb global_colors_info=\u00a0\u00bb{}\u00a0\u00bb]<\/p>\n<div id=\"bgLayers_comp-lruk6xzc\" data-hook=\"bgLayers\" data-motion-part=\"BG_LAYER\" class=\"MW5IWV\">\n<h4 data-motion-part=\"BG_MEDIA\" class=\"VgO9Yg\">NORMANDIE<\/h4>\n<div id=\"comp-lw659ykz\" class=\"MazNVa comp-lw659ykz wixui-image\">\n<div data-testid=\"linkElement\" class=\"j7pOnl\"><strong>Pascal Bouill\u00e9<\/strong><\/div>\n<\/div>\n<div id=\"comp-lruk6xzg2\" class=\"HcOXKn c9GqVL QxJLC3 comp-lruk6xzg2 wixui-rich-text\" data-testid=\"richTextElement\">\n<p class=\"font_8 wixui-rich-text__text\"><span class=\"wixui-rich-text__text\"><span><a href=\"mailto:pascal@novostable.com\">pascal@novostable.com<\/a><\/span> | <\/span><span class=\"wixui-rich-text__text\">+33 7 69 69 81 28<\/span>\u00a0<\/p>\n<p>&nbsp;<\/p>\n<\/div>\n<\/div>\n<div data-mesh-id=\"comp-lruk6xzcinlineContent\" data-testid=\"inline-content\" class=\"\">\n<div data-mesh-id=\"comp-lruk6xzcinlineContent-gridContainer\" data-testid=\"mesh-container-content\">\n<div id=\"comp-lw659ykz\" class=\"MazNVa comp-lw659ykz wixui-image\">\n<div data-testid=\"linkElement\" class=\"j7pOnl\"><strong>G\u00e9n\u00e9ration Micro<\/strong><\/div>\n<\/div>\n<div id=\"comp-lruk6xzg2\" class=\"HcOXKn c9GqVL QxJLC3 comp-lruk6xzg2 wixui-rich-text\" data-testid=\"richTextElement\">\n<p class=\"font_8 wixui-rich-text__text\"><span class=\"wixui-rich-text__text\">Patrice Costil |<span>\u00a0<\/span>pc@gmicro.fr | <\/span><span class=\"wixui-rich-text__text\">+33 2 33 34 91 96<\/span><\/p>\n<div id=\"comp-lruk6xzq\" class=\"HcOXKn c9GqVL QxJLC3 comp-lruk6xzq wixui-rich-text\" data-testid=\"richTextElement\">\n<p class=\"font_2 wixui-rich-text__text\"><strong><span class=\"color_15 wixui-rich-text__text\"><span class=\"wixui-rich-text__text\"><\/span><\/span><\/strong><a href=\"https:\/\/pc7432.wixsite.com\/gmicro\" target=\"_blank\" rel=\"noopener\">Voir le site<\/a><\/p>\n<p class=\"font_2 wixui-rich-text__text\"><strong><span class=\"color_15 wixui-rich-text__text\"><span class=\"wixui-rich-text__text\"><\/span><\/span><\/strong>__________<\/p>\n<h4 class=\"font_2 wixui-rich-text__text\"><span class=\"color_15 wixui-rich-text__text\"><span class=\"wixui-rich-text__text\">BRETAGNE<\/span><\/span><\/h4>\n<p><strong>Domotom<\/strong><\/p>\n<\/div>\n<div id=\"comp-lruk6xzq3\" class=\"HcOXKn c9GqVL QxJLC3 comp-lruk6xzq3 wixui-rich-text\" data-testid=\"richTextElement\">\n<p class=\"font_7 wixui-rich-text__text\">Thomas le Gourierec <span class=\"wixui-rich-text__text\">|<span> <\/span><\/span>contact@domotom.fr\u00a0<span class=\"wixui-rich-text__text\">|<span> +33 6 62 26 85 86<\/span><\/span><\/p>\n<p class=\"font_7 wixui-rich-text__text\"><a href=\"https:\/\/domotom.fr\/\" target=\"_blank\" rel=\"noopener\">Voir le site<\/a><\/p>\n<div id=\"comp-lruk6xzq\" class=\"HcOXKn c9GqVL QxJLC3 comp-lruk6xzq wixui-rich-text\" data-testid=\"richTextElement\">\n<p class=\"font_2 wixui-rich-text__text\">__________<\/p>\n<h4 class=\"font_2 wixui-rich-text__text\"><span class=\"color_15 wixui-rich-text__text\"><span class=\"wixui-rich-text__text\">LYON<\/span><\/span><\/h4>\n<p><span style=\"font-size: 16px;\"><b>NPS France<br \/><\/b>Jean-Michel Allochon <\/span><span class=\"wixui-rich-text__text\" style=\"font-size: 16px;\">| jm.allochon@npsfrance.fr<\/span><span style=\"font-size: 16px;\">\u00a0<\/span><span class=\"wixui-rich-text__text\" style=\"font-size: 16px;\">| +33 6 24 16 29 72<\/span><\/p>\n<\/div>\n<div id=\"comp-lruk6xzq3\" class=\"HcOXKn c9GqVL QxJLC3 comp-lruk6xzq3 wixui-rich-text\" data-testid=\"richTextElement\">\n<p class=\"font_7 wixui-rich-text__text\"><a href=\"https:\/\/www.npsfrance.fr\/\" target=\"_blank\" rel=\"noopener\">Voir le site<\/a><\/p>\n<\/div>\n<p class=\"font_7 wixui-rich-text__text\">\n<\/div>\n<\/div>\n<\/div>\n<\/div>\n<p>[\/et_pb_tab][et_pb_tab title=\u00a0\u00bbEurope\u00a0\u00bb _builder_version=\u00a0\u00bb4.24.0&Prime; _module_preset=\u00a0\u00bbdefault\u00a0\u00bb global_colors_info=\u00a0\u00bb{}\u00a0\u00bb]<\/p>\n<div id=\"bgLayers_comp-lruk6xzc\" data-hook=\"bgLayers\" data-motion-part=\"BG_LAYER\" class=\"MW5IWV\">\n<h4 id=\"bgMedia_comp-lruk6xzc\" data-motion-part=\"BG_MEDIA\" class=\"VgO9Yg\">BELGIQUE<\/h4>\n<div data-motion-part=\"BG_MEDIA\" class=\"VgO9Yg\" style=\"text-align: left;\"><strong>Horse Motion<\/strong><\/div>\n<\/div>\n<div data-mesh-id=\"comp-lruk6xzcinlineContent\" data-testid=\"inline-content\" class=\"\">\n<div data-mesh-id=\"comp-lruk6xzcinlineContent-gridContainer\" data-testid=\"mesh-container-content\">\n<div id=\"comp-lw659ykz\" class=\"MazNVa comp-lw659ykz wixui-image\">\n<div data-testid=\"linkElement\" class=\"j7pOnl\">\n<p class=\"font_8 wixui-rich-text__text\"><span class=\"wixui-rich-text__text\">support@horsemotion.be<br \/><\/span><span class=\"wixui-rich-text__text\">Robin Cool<br \/><\/span><span class=\"wixui-rich-text__text\">+32478960009<br \/><\/span><span class=\"wixui-rich-text__text\">Charlotte De Brauw +32472861802<br \/><\/span><span class=\"wixui-rich-text__text\">Instagram : Horsemotion_vc<\/span><\/p>\n<p class=\"font_8 wixui-rich-text__text\"><a href=\"https:\/\/www.horsemotion.be\/\" target=\"_blank\" rel=\"noopener\"><span class=\"wixui-rich-text__text\">Voir le site<\/span><\/a><\/p>\n<p class=\"font_8 wixui-rich-text__text\">__________<\/p>\n<div id=\"bgLayers_comp-lruk6xzc\" data-hook=\"bgLayers\" data-motion-part=\"BG_LAYER\" class=\"MW5IWV\">\n<h4 id=\"bgMedia_comp-lruk6xzc\" data-motion-part=\"BG_MEDIA\" class=\"VgO9Yg\">SUEDE<\/h4>\n<div data-motion-part=\"BG_MEDIA\" class=\"VgO9Yg\"><strong>ROA EQUESTRIAN<\/strong><\/div>\n<\/div>\n<div data-mesh-id=\"comp-lruk6xzcinlineContent\" data-testid=\"inline-content\" class=\"\">\n<div data-mesh-id=\"comp-lruk6xzcinlineContent-gridContainer\" data-testid=\"mesh-container-content\">\n<div id=\"comp-lw659ykz\" class=\"MazNVa comp-lw659ykz wixui-image\">\n<div data-testid=\"linkElement\" class=\"j7pOnl\">\n<p>Moa or Rickard Haggren<br \/>moa@roaequestrian.se<br \/>ou rickard@roaequestrian.se<\/p>\n<p>+ 46 (0)73 525 34 38<br \/>www.roaequestrian.se<\/p>\n<p class=\"font_8 wixui-rich-text__text\"><a href=\"http:\/\/www.roaequestrian.se\/\" target=\"_blank\" rel=\"noopener\"><span class=\"wixui-rich-text__text\">Voir le site<\/span><\/a><\/p>\n<p class=\"font_8 wixui-rich-text__text\">__________<\/p>\n<div id=\"bgLayers_comp-lruk6xzc\" data-hook=\"bgLayers\" data-motion-part=\"BG_LAYER\" class=\"MW5IWV\">\n<h4 id=\"bgMedia_comp-lruk6xzc\" data-motion-part=\"BG_MEDIA\" class=\"VgO9Yg\">ALLEMAGNE, AUTRICHE &amp; SUISSE<\/h4>\n<div data-motion-part=\"BG_MEDIA\" class=\"VgO9Yg\"><strong>VIDEOR<\/strong><\/div>\n<\/div>\n<div data-mesh-id=\"comp-lruk6xzcinlineContent\" data-testid=\"inline-content\" class=\"\">\n<div data-mesh-id=\"comp-lruk6xzcinlineContent-gridContainer\" data-testid=\"mesh-container-content\">\n<div id=\"comp-lw659ykz\" class=\"MazNVa comp-lw659ykz wixui-image\">\n<div data-testid=\"linkElement\" class=\"j7pOnl\">\n<p><span>Zinho de Koning<\/span><br \/>z.dekoning@videor.com<\/p>\n<p><span>+49 160 3200556<\/span><br \/>www.video.com<\/p>\n<p class=\"font_8 wixui-rich-text__text\"><a href=\"https:\/\/www.videor.com\/de\/novostable-smart-surveillance.html\" target=\"_blank\" rel=\"noopener\"><span class=\"wixui-rich-text__text\">Voir le site<\/span><\/a><\/p>\n<\/div>\n<\/div>\n<\/div>\n<\/div>\n<\/div>\n<\/div>\n<\/div>\n<\/div>\n<\/div>\n<\/div>\n<\/div>\n<\/div>\n<p>[\/et_pb_tab][et_pb_tab title=\u00a0\u00bbReste du monde\u00a0\u00bb _builder_version=\u00a0\u00bb4.24.0&Prime; _module_preset=\u00a0\u00bbdefault\u00a0\u00bb global_colors_info=\u00a0\u00bb{}\u00a0\u00bb]<\/p>\n<div id=\"bgLayers_comp-lruk6xzc\" data-hook=\"bgLayers\" data-motion-part=\"BG_LAYER\" class=\"MW5IWV\">\n<h4 id=\"bgMedia_comp-lruk6xzc\" data-motion-part=\"BG_MEDIA\" class=\"VgO9Yg\">\u00c9mirats arabes unis, QATAR, Arabie Saoudite<\/h4>\n<div data-motion-part=\"BG_MEDIA\" class=\"VgO9Yg\">\n<div id=\"bgLayers_comp-lruk6xzc\" data-hook=\"bgLayers\" data-motion-part=\"BG_LAYER\" class=\"MW5IWV\">\n<p>__________<\/p>\n<p>&nbsp;<\/p>\n<div data-motion-part=\"BG_MEDIA\" class=\"VgO9Yg\">\n<h4>ETATS-UNIS<\/h4>\n<div id=\"bgLayers_comp-lruk6xzc\" data-hook=\"bgLayers\" data-motion-part=\"BG_LAYER\" class=\"MW5IWV\">\n<div data-motion-part=\"BG_MEDIA\" class=\"VgO9Yg\">\n<p>Bient\u00f4t disponible<\/p>\n<p>__________<\/p>\n<p>Vous souhaitez devenir distributeur ? <br \/>Contactez la team NOVOSTABLE: contact@novostable.com<\/p>\n<p>&nbsp;<\/p>\n<\/div>\n<\/div>\n<\/div>\n<\/div>\n<\/div>\n<\/div>\n<p>[\/et_pb_tab][\/et_pb_tabs][\/et_pb_column][\/et_pb_row][\/et_pb_section]<\/p>\n","protected":false},"excerpt":{"rendered":"<p>O\u00f9 acheter NOVOSTABLE ? France et renseignements g\u00e9n\u00e9rauxNOVOSTABLE offre des solutions innovantes pour la surveillance et le bien-\u00eatre de vos chevaux. Nos experts sont l\u00e0 pour vous aider \u00e0 choisir la meilleure solution de vid\u00e9osurveillance avec Intelligence Artificielle pour r\u00e9pondre au mieux \u00e0 vos besoins. Envie de voir nos solutions en action ? Pr\u00eat \u00e0 [&hellip;]<\/p>\n","protected":false},"author":1,"featured_media":0,"parent":0,"menu_order":0,"comment_status":"closed","ping_status":"closed","template":"","meta":{"_et_pb_use_builder":"on","_et_pb_old_content":"<!-- wp:divi\/placeholder \/-->","_et_gb_content_width":"","content-type":"","footnotes":""},"class_list":["post-81","page","type-page","status-publish","hentry"],"yoast_head":"<!-- This site is optimized with the Yoast SEO plugin v24.1 - https:\/\/yoast.com\/wordpress\/plugins\/seo\/ -->\n<title>O\u00f9 acheter - NOVOSTABLE<\/title>\n<meta name=\"robots\" content=\"index, follow, max-snippet:-1, max-image-preview:large, max-video-preview:-1\" \/>\n<link rel=\"canonical\" href=\"https:\/\/novostableracing.com\/fr\/ou-acheter\/\" \/>\n<meta property=\"og:locale\" content=\"fr_FR\" \/>\n<meta property=\"og:type\" content=\"article\" \/>\n<meta property=\"og:title\" content=\"O\u00f9 acheter - NOVOSTABLE\" \/>\n<meta property=\"og:description\" content=\"O\u00f9 acheter NOVOSTABLE ? France et renseignements g\u00e9n\u00e9rauxNOVOSTABLE offre des solutions innovantes pour la surveillance et le bien-\u00eatre de vos chevaux. Nos experts sont l\u00e0 pour vous aider \u00e0 choisir la meilleure solution de vid\u00e9osurveillance avec Intelligence Artificielle pour r\u00e9pondre au mieux \u00e0 vos besoins. Envie de voir nos solutions en action ? Pr\u00eat \u00e0 [&hellip;]\" \/>\n<meta property=\"og:url\" content=\"https:\/\/novostableracing.com\/fr\/ou-acheter\/\" \/>\n<meta property=\"og:site_name\" content=\"NOVOSTABLE\" \/>\n<meta property=\"article:modified_time\" content=\"2024-11-15T09:27:59+00:00\" \/>\n<meta name=\"twitter:card\" content=\"summary_large_image\" \/>\n<meta name=\"twitter:label1\" content=\"Dur\u00e9e de lecture estim\u00e9e\" \/>\n\t<meta name=\"twitter:data1\" content=\"4 minutes\" \/>\n<script type=\"application\/ld+json\" class=\"yoast-schema-graph\">{\"@context\":\"https:\/\/schema.org\",\"@graph\":[{\"@type\":\"WebPage\",\"@id\":\"https:\/\/novostableracing.com\/fr\/ou-acheter\/\",\"url\":\"https:\/\/novostableracing.com\/fr\/ou-acheter\/\",\"name\":\"O\u00f9 acheter - NOVOSTABLE\",\"isPartOf\":{\"@id\":\"https:\/\/novostableracing.com\/fr\/#website\"},\"datePublished\":\"2024-06-19T13:56:12+00:00\",\"dateModified\":\"2024-11-15T09:27:59+00:00\",\"breadcrumb\":{\"@id\":\"https:\/\/novostableracing.com\/fr\/ou-acheter\/#breadcrumb\"},\"inLanguage\":\"fr-FR\",\"potentialAction\":[{\"@type\":\"ReadAction\",\"target\":[\"https:\/\/novostableracing.com\/fr\/ou-acheter\/\"]}]},{\"@type\":\"BreadcrumbList\",\"@id\":\"https:\/\/novostableracing.com\/fr\/ou-acheter\/#breadcrumb\",\"itemListElement\":[{\"@type\":\"ListItem\",\"position\":1,\"name\":\"Accueil\",\"item\":\"https:\/\/novostableracing.com\/fr\/\"},{\"@type\":\"ListItem\",\"position\":2,\"name\":\"O\u00f9 acheter\"}]},{\"@type\":\"WebSite\",\"@id\":\"https:\/\/novostableracing.com\/fr\/#website\",\"url\":\"https:\/\/novostableracing.com\/fr\/\",\"name\":\"NOVOSTABLE\",\"description\":\"Care for horses\",\"publisher\":{\"@id\":\"https:\/\/novostableracing.com\/fr\/#organization\"},\"potentialAction\":[{\"@type\":\"SearchAction\",\"target\":{\"@type\":\"EntryPoint\",\"urlTemplate\":\"https:\/\/novostableracing.com\/fr\/?s={search_term_string}\"},\"query-input\":{\"@type\":\"PropertyValueSpecification\",\"valueRequired\":true,\"valueName\":\"search_term_string\"}}],\"inLanguage\":\"fr-FR\"},{\"@type\":\"Organization\",\"@id\":\"https:\/\/novostableracing.com\/fr\/#organization\",\"name\":\"NOVOSTABLE\",\"url\":\"https:\/\/novostableracing.com\/fr\/\",\"logo\":{\"@type\":\"ImageObject\",\"inLanguage\":\"fr-FR\",\"@id\":\"https:\/\/novostableracing.com\/fr\/#\/schema\/logo\/image\/\",\"url\":\"https:\/\/novostableracing.com\/wp-content\/uploads\/2024\/12\/logo-novostable-bleu.jpg\",\"contentUrl\":\"https:\/\/novostableracing.com\/wp-content\/uploads\/2024\/12\/logo-novostable-bleu.jpg\",\"width\":297,\"height\":83,\"caption\":\"NOVOSTABLE\"},\"image\":{\"@id\":\"https:\/\/novostableracing.com\/fr\/#\/schema\/logo\/image\/\"}}]}<\/script>\n<!-- \/ Yoast SEO plugin. -->","yoast_head_json":{"title":"O\u00f9 acheter - NOVOSTABLE","robots":{"index":"index","follow":"follow","max-snippet":"max-snippet:-1","max-image-preview":"max-image-preview:large","max-video-preview":"max-video-preview:-1"},"canonical":"https:\/\/novostableracing.com\/fr\/ou-acheter\/","og_locale":"fr_FR","og_type":"article","og_title":"O\u00f9 acheter - NOVOSTABLE","og_description":"O\u00f9 acheter NOVOSTABLE ? France et renseignements g\u00e9n\u00e9rauxNOVOSTABLE offre des solutions innovantes pour la surveillance et le bien-\u00eatre de vos chevaux. Nos experts sont l\u00e0 pour vous aider \u00e0 choisir la meilleure solution de vid\u00e9osurveillance avec Intelligence Artificielle pour r\u00e9pondre au mieux \u00e0 vos besoins. Envie de voir nos solutions en action ? Pr\u00eat \u00e0 [&hellip;]","og_url":"https:\/\/novostableracing.com\/fr\/ou-acheter\/","og_site_name":"NOVOSTABLE","article_modified_time":"2024-11-15T09:27:59+00:00","twitter_card":"summary_large_image","twitter_misc":{"Dur\u00e9e de lecture estim\u00e9e":"4 minutes"},"schema":{"@context":"https:\/\/schema.org","@graph":[{"@type":"WebPage","@id":"https:\/\/novostableracing.com\/fr\/ou-acheter\/","url":"https:\/\/novostableracing.com\/fr\/ou-acheter\/","name":"O\u00f9 acheter - NOVOSTABLE","isPartOf":{"@id":"https:\/\/novostableracing.com\/fr\/#website"},"datePublished":"2024-06-19T13:56:12+00:00","dateModified":"2024-11-15T09:27:59+00:00","breadcrumb":{"@id":"https:\/\/novostableracing.com\/fr\/ou-acheter\/#breadcrumb"},"inLanguage":"fr-FR","potentialAction":[{"@type":"ReadAction","target":["https:\/\/novostableracing.com\/fr\/ou-acheter\/"]}]},{"@type":"BreadcrumbList","@id":"https:\/\/novostableracing.com\/fr\/ou-acheter\/#breadcrumb","itemListElement":[{"@type":"ListItem","position":1,"name":"Accueil","item":"https:\/\/novostableracing.com\/fr\/"},{"@type":"ListItem","position":2,"name":"O\u00f9 acheter"}]},{"@type":"WebSite","@id":"https:\/\/novostableracing.com\/fr\/#website","url":"https:\/\/novostableracing.com\/fr\/","name":"NOVOSTABLE","description":"Care for horses","publisher":{"@id":"https:\/\/novostableracing.com\/fr\/#organization"},"potentialAction":[{"@type":"SearchAction","target":{"@type":"EntryPoint","urlTemplate":"https:\/\/novostableracing.com\/fr\/?s={search_term_string}"},"query-input":{"@type":"PropertyValueSpecification","valueRequired":true,"valueName":"search_term_string"}}],"inLanguage":"fr-FR"},{"@type":"Organization","@id":"https:\/\/novostableracing.com\/fr\/#organization","name":"NOVOSTABLE","url":"https:\/\/novostableracing.com\/fr\/","logo":{"@type":"ImageObject","inLanguage":"fr-FR","@id":"https:\/\/novostableracing.com\/fr\/#\/schema\/logo\/image\/","url":"https:\/\/novostableracing.com\/wp-content\/uploads\/2024\/12\/logo-novostable-bleu.jpg","contentUrl":"https:\/\/novostableracing.com\/wp-content\/uploads\/2024\/12\/logo-novostable-bleu.jpg","width":297,"height":83,"caption":"NOVOSTABLE"},"image":{"@id":"https:\/\/novostableracing.com\/fr\/#\/schema\/logo\/image\/"}}]}},"_links":{"self":[{"href":"https:\/\/novostableracing.com\/fr\/wp-json\/wp\/v2\/pages\/81","targetHints":{"allow":["GET"]}}],"collection":[{"href":"https:\/\/novostableracing.com\/fr\/wp-json\/wp\/v2\/pages"}],"about":[{"href":"https:\/\/novostableracing.com\/fr\/wp-json\/wp\/v2\/types\/page"}],"author":[{"embeddable":true,"href":"https:\/\/novostableracing.com\/fr\/wp-json\/wp\/v2\/users\/1"}],"replies":[{"embeddable":true,"href":"https:\/\/novostableracing.com\/fr\/wp-json\/wp\/v2\/comments?post=81"}],"version-history":[{"count":31,"href":"https:\/\/novostableracing.com\/fr\/wp-json\/wp\/v2\/pages\/81\/revisions"}],"predecessor-version":[{"id":1191,"href":"https:\/\/novostableracing.com\/fr\/wp-json\/wp\/v2\/pages\/81\/revisions\/1191"}],"wp:attachment":[{"href":"https:\/\/novostableracing.com\/fr\/wp-json\/wp\/v2\/media?parent=81"}],"curies":[{"name":"wp","href":"https:\/\/api.w.org\/{rel}","templated":true}]}}