{"id":83,"date":"2024-06-19T15:56:20","date_gmt":"2024-06-19T13:56:20","guid":{"rendered":"https:\/\/novostableracing.com\/?page_id=83"},"modified":"2024-06-20T16:26:16","modified_gmt":"2024-06-20T14:26:16","slug":"espace-distributeur","status":"publish","type":"page","link":"https:\/\/novostableracing.com\/fr\/espace-distributeur\/","title":{"rendered":"Espace distributeur"},"content":{"rendered":"<p>[et_pb_section fb_built=\u00a0\u00bb1&Prime; theme_builder_area=\u00a0\u00bbpost_content\u00a0\u00bb _builder_version=\u00a0\u00bb4.24.0&Prime; _module_preset=\u00a0\u00bbdefault\u00a0\u00bb global_colors_info=\u00a0\u00bb{%22gcid-a01e876b-4c9a-4c1d-b51c-752860ca0ae7%22:%91%22background_color%22%93}\u00a0\u00bb background_color=\u00a0\u00bbgcid-a01e876b-4c9a-4c1d-b51c-752860ca0ae7&Prime; hover_enabled=\u00a0\u00bb0&Prime; sticky_enabled=\u00a0\u00bb0&Prime; locked=\u00a0\u00bboff\u00a0\u00bb][et_pb_row _builder_version=\u00a0\u00bb4.24.0&Prime; _module_preset=\u00a0\u00bbdefault\u00a0\u00bb theme_builder_area=\u00a0\u00bbpost_content\u00a0\u00bb column_structure=\u00a0\u00bb2_3,1_3&Prime; hover_enabled=\u00a0\u00bb0&Prime; sticky_enabled=\u00a0\u00bb0&Prime; custom_padding=\u00a0\u00bb||11px|||\u00a0\u00bb make_equal=\u00a0\u00bbon\u00a0\u00bb custom_css_main_element=\u00a0\u00bbalign-items: center;||\u00a0\u00bb][et_pb_column _builder_version=\u00a0\u00bb4.24.0&Prime; _module_preset=\u00a0\u00bbdefault\u00a0\u00bb type=\u00a0\u00bb2_3&Prime; theme_builder_area=\u00a0\u00bbpost_content\u00a0\u00bb][et_pb_text _builder_version=\u00a0\u00bb4.24.0&Prime; _module_preset=\u00a0\u00bbdefault\u00a0\u00bb theme_builder_area=\u00a0\u00bbpost_content\u00a0\u00bb header_font=\u00a0\u00bb|300|||||||\u00a0\u00bb hover_enabled=\u00a0\u00bb0&Prime; sticky_enabled=\u00a0\u00bb0&Prime; custom_margin=\u00a0\u00bb||25px|||\u00a0\u00bb]<\/p>\n<h1 style=\"text-align: left;\">Comment devenir distributeur ?<\/h1>\n<p>[\/et_pb_text][et_pb_text _builder_version=\u00a0\u00bb4.24.0&Prime; _module_preset=\u00a0\u00bbdefault\u00a0\u00bb theme_builder_area=\u00a0\u00bbpost_content\u00a0\u00bb hover_enabled=\u00a0\u00bb0&Prime; sticky_enabled=\u00a0\u00bb0&Prime;]<\/p>\n<p>Si vous \u00eates passionn\u00e9 par le monde \u00e9questre et int\u00e9ress\u00e9 par la technologie, et que vous souhaitez offrir des solutions de pointe \u00e0 vos clients, nous aimerions vous rencontrer. Contactez-nous pour en savoir plus sur le processus pour devenir distributeur NOVOSTABLE. Nous vous fournirons toutes les informations n\u00e9cessaires et r\u00e9pondrons \u00e0 toutes vos questions pour commencer notre partenariat.<\/p>\n<p>[\/et_pb_text][dsm_button button_one_text=\u00a0\u00bbDevenir distributeur \u00a0\u00bb button_one_url=\u00a0\u00bb@ET-DC@eyJkeW5hbWljIjp0cnVlLCJjb250ZW50IjoicG9zdF9saW5rX3VybF9wYWdlIiwic2V0dGluZ3MiOnsicG9zdF9pZCI6Ijg5In19@\u00a0\u00bb button_two_url=\u00a0\u00bb@ET-DC@eyJkeW5hbWljIjp0cnVlLCJjb250ZW50IjoicG9zdF9saW5rX3VybF9wYWdlIiwic2V0dGluZ3MiOnsicG9zdF9pZCI6Ijg5In19@\u00a0\u00bb _builder_version=\u00a0\u00bb4.24.0&Prime; _dynamic_attributes=\u00a0\u00bbbutton_one_url,button_two_url\u00a0\u00bb _module_preset=\u00a0\u00bbdefault\u00a0\u00bb custom_button_two=\u00a0\u00bbon\u00a0\u00bb button_two_bg_color=\u00a0\u00bbRGBA(255,255,255,0)\u00a0\u00bb button_two_font=\u00a0\u00bb|700||on|on||||\u00a0\u00bb button_two_custom_margin=\u00a0\u00bb|||15px|false|false\u00a0\u00bb button_two_custom_margin_tablet=\u00a0\u00bb||||false|false\u00a0\u00bb button_two_custom_margin_phone=\u00a0\u00bb||||false|false\u00a0\u00bb button_two_custom_margin_last_edited=\u00a0\u00bbon|desktop\u00a0\u00bb button_two_text_size_tablet=\u00a0\u00bb\u00a0\u00bb button_two_text_size_phone=\u00a0\u00bb15px\u00a0\u00bb button_two_text_size_last_edited=\u00a0\u00bbon|phone\u00a0\u00bb global_colors_info=\u00a0\u00bb{}\u00a0\u00bb locked=\u00a0\u00bboff\u00a0\u00bb theme_builder_area=\u00a0\u00bbpost_content\u00a0\u00bb button_two_text_color=\u00a0\u00bb#0F2A2E\u00a0\u00bb hover_enabled=\u00a0\u00bb0&Prime; sticky_enabled=\u00a0\u00bb0&Prime;][\/dsm_button][\/et_pb_column][et_pb_column _builder_version=\u00a0\u00bb4.24.0&Prime; _module_preset=\u00a0\u00bbdefault\u00a0\u00bb type=\u00a0\u00bb1_3&Prime; theme_builder_area=\u00a0\u00bbpost_content\u00a0\u00bb][et_pb_image src=\u00a0\u00bbhttps:\/\/novostableracing.com\/wp-content\/uploads\/2024\/06\/Solution-novostable-mobile-camera.png\u00a0\u00bb _builder_version=\u00a0\u00bb4.24.0&Prime; _module_preset=\u00a0\u00bbdefault\u00a0\u00bb theme_builder_area=\u00a0\u00bbpost_content\u00a0\u00bb alt=\u00a0\u00bbMise en forme montrant l&rsquo;application mobile Novostable, la cam\u00e9ra et un exemple d&rsquo;utilisation avec un cheval\u00a0\u00bb title_text=\u00a0\u00bbSolution-novostable-mobile-camera\u00a0\u00bb hover_enabled=\u00a0\u00bb0&Prime; sticky_enabled=\u00a0\u00bb0&Prime; border_radii=\u00a0\u00bbon|10px|10px|10px|10px\u00a0\u00bb][\/et_pb_image][\/et_pb_column][\/et_pb_row][\/et_pb_section][et_pb_section fb_built=\u00a0\u00bb1&Prime; theme_builder_area=\u00a0\u00bbpost_content\u00a0\u00bb _builder_version=\u00a0\u00bb4.24.0&Prime; _module_preset=\u00a0\u00bbdefault\u00a0\u00bb][et_pb_row _builder_version=\u00a0\u00bb4.24.0&Prime; _module_preset=\u00a0\u00bbdefault\u00a0\u00bb theme_builder_area=\u00a0\u00bbpost_content\u00a0\u00bb][et_pb_column _builder_version=\u00a0\u00bb4.24.0&Prime; _module_preset=\u00a0\u00bbdefault\u00a0\u00bb type=\u00a0\u00bb4_4&Prime; theme_builder_area=\u00a0\u00bbpost_content\u00a0\u00bb][et_pb_text _builder_version=\u00a0\u00bb4.24.0&Prime; _module_preset=\u00a0\u00bbdefault\u00a0\u00bb theme_builder_area=\u00a0\u00bbpost_content\u00a0\u00bb hover_enabled=\u00a0\u00bb0&Prime; sticky_enabled=\u00a0\u00bb0&Prime;]<\/p>\n<h2 style=\"text-align: center;\">Pourquoi devenir distributeur NOVOSTABLE ?<\/h2>\n<p>[\/et_pb_text][\/et_pb_column][\/et_pb_row][et_pb_row _builder_version=\u00a0\u00bb4.24.0&Prime; _module_preset=\u00a0\u00bbdefault\u00a0\u00bb theme_builder_area=\u00a0\u00bbpost_content\u00a0\u00bb column_structure=\u00a0\u00bb1_4,1_4,1_4,1_4&Prime;][et_pb_column _builder_version=\u00a0\u00bb4.24.0&Prime; _module_preset=\u00a0\u00bbdefault\u00a0\u00bb type=\u00a0\u00bb1_4&Prime; theme_builder_area=\u00a0\u00bbpost_content\u00a0\u00bb][et_pb_icon _builder_version=\u00a0\u00bb4.24.0&Prime; _module_preset=\u00a0\u00bbdefault\u00a0\u00bb theme_builder_area=\u00a0\u00bbpost_content\u00a0\u00bb font_icon=\u00a0\u00bb&#xf5a2;||fa||900&Prime; global_colors_info=\u00a0\u00bb{%22gcid-d715dce0-bcd5-4d9f-9f1f-6f3f1f148f87%22:%91%22icon_color%22%93}\u00a0\u00bb icon_color=\u00a0\u00bbgcid-d715dce0-bcd5-4d9f-9f1f-6f3f1f148f87&Prime; icon_width=\u00a0\u00bb56px\u00a0\u00bb hover_enabled=\u00a0\u00bb0&Prime; sticky_enabled=\u00a0\u00bb0&Prime;][\/et_pb_icon][et_pb_text _builder_version=\u00a0\u00bb4.24.0&Prime; _module_preset=\u00a0\u00bbdefault\u00a0\u00bb theme_builder_area=\u00a0\u00bbpost_content\u00a0\u00bb hover_enabled=\u00a0\u00bb0&Prime; sticky_enabled=\u00a0\u00bb0&Prime;]<\/p>\n<h3 style=\"text-align: center;\">Produits Innovants<\/h3>\n<p style=\"text-align: center;\">Proposez \u00e0 vos clients la derni\u00e8re technologie en mati\u00e8re de surveillance et de bien-\u00eatre \u00e9quin.<\/p>\n<p>[\/et_pb_text][\/et_pb_column][et_pb_column _builder_version=\u00a0\u00bb4.24.0&Prime; _module_preset=\u00a0\u00bbdefault\u00a0\u00bb type=\u00a0\u00bb1_4&Prime; theme_builder_area=\u00a0\u00bbpost_content\u00a0\u00bb][et_pb_icon _builder_version=\u00a0\u00bb4.24.0&Prime; _module_preset=\u00a0\u00bbdefault\u00a0\u00bb theme_builder_area=\u00a0\u00bbpost_content\u00a0\u00bb font_icon=\u00a0\u00bb&#xe079;||divi||400&Prime; global_colors_info=\u00a0\u00bb{%22gcid-d715dce0-bcd5-4d9f-9f1f-6f3f1f148f87%22:%91%22icon_color%22%93}\u00a0\u00bb icon_color=\u00a0\u00bbgcid-d715dce0-bcd5-4d9f-9f1f-6f3f1f148f87&Prime; icon_width=\u00a0\u00bb56px\u00a0\u00bb hover_enabled=\u00a0\u00bb0&Prime; sticky_enabled=\u00a0\u00bb0&Prime; locked=\u00a0\u00bboff\u00a0\u00bb][\/et_pb_icon][et_pb_text _builder_version=\u00a0\u00bb4.24.0&Prime; _module_preset=\u00a0\u00bbdefault\u00a0\u00bb theme_builder_area=\u00a0\u00bbpost_content\u00a0\u00bb hover_enabled=\u00a0\u00bb0&Prime; sticky_enabled=\u00a0\u00bb0&Prime; locked=\u00a0\u00bboff\u00a0\u00bb]<\/p>\n<h3 style=\"text-align: center;\">Soutien Marketing et Commercial<\/h3>\n<p style=\"text-align: center;\">B\u00e9n\u00e9ficiez d&rsquo;un large \u00e9ventail de ressources pour vous aider \u00e0 promouvoir et vendre nos solutions.<\/p>\n<p>[\/et_pb_text][\/et_pb_column][et_pb_column _builder_version=\u00a0\u00bb4.24.0&Prime; _module_preset=\u00a0\u00bbdefault\u00a0\u00bb type=\u00a0\u00bb1_4&Prime; theme_builder_area=\u00a0\u00bbpost_content\u00a0\u00bb][et_pb_icon _builder_version=\u00a0\u00bb4.24.0&Prime; _module_preset=\u00a0\u00bbdefault\u00a0\u00bb theme_builder_area=\u00a0\u00bbpost_content\u00a0\u00bb font_icon=\u00a0\u00bb&#xf19d;||fa||900&Prime; global_colors_info=\u00a0\u00bb{%22gcid-d715dce0-bcd5-4d9f-9f1f-6f3f1f148f87%22:%91%22icon_color%22%93}\u00a0\u00bb icon_color=\u00a0\u00bbgcid-d715dce0-bcd5-4d9f-9f1f-6f3f1f148f87&Prime; icon_width=\u00a0\u00bb56px\u00a0\u00bb hover_enabled=\u00a0\u00bb0&Prime; sticky_enabled=\u00a0\u00bb0&Prime; locked=\u00a0\u00bboff\u00a0\u00bb][\/et_pb_icon][et_pb_text _builder_version=\u00a0\u00bb4.24.0&Prime; _module_preset=\u00a0\u00bbdefault\u00a0\u00bb theme_builder_area=\u00a0\u00bbpost_content\u00a0\u00bb hover_enabled=\u00a0\u00bb0&Prime; sticky_enabled=\u00a0\u00bb0&Prime; locked=\u00a0\u00bboff\u00a0\u00bb]<\/p>\n<h3 style=\"text-align: center;\">Formation produit<\/h3>\n<p style=\"text-align: center;\">Recevez une formation compl\u00e8te sur nos produits pour mieux conseiller vos clients.<\/p>\n<p>[\/et_pb_text][\/et_pb_column][et_pb_column _builder_version=\u00a0\u00bb4.24.0&Prime; _module_preset=\u00a0\u00bbdefault\u00a0\u00bb type=\u00a0\u00bb1_4&Prime; theme_builder_area=\u00a0\u00bbpost_content\u00a0\u00bb][et_pb_icon _builder_version=\u00a0\u00bb4.24.0&Prime; _module_preset=\u00a0\u00bbdefault\u00a0\u00bb theme_builder_area=\u00a0\u00bbpost_content\u00a0\u00bb font_icon=\u00a0\u00bb&#xf2b5;||fa||900&Prime; global_colors_info=\u00a0\u00bb{%22gcid-d715dce0-bcd5-4d9f-9f1f-6f3f1f148f87%22:%91%22icon_color%22%93}\u00a0\u00bb icon_color=\u00a0\u00bbgcid-d715dce0-bcd5-4d9f-9f1f-6f3f1f148f87&Prime; icon_width=\u00a0\u00bb56px\u00a0\u00bb hover_enabled=\u00a0\u00bb0&Prime; sticky_enabled=\u00a0\u00bb0&Prime; locked=\u00a0\u00bboff\u00a0\u00bb][\/et_pb_icon][et_pb_text _builder_version=\u00a0\u00bb4.24.0&Prime; _module_preset=\u00a0\u00bbdefault\u00a0\u00bb theme_builder_area=\u00a0\u00bbpost_content\u00a0\u00bb hover_enabled=\u00a0\u00bb0&Prime; sticky_enabled=\u00a0\u00bb0&Prime; locked=\u00a0\u00bboff\u00a0\u00bb]<\/p>\n<h3 style=\"text-align: center;\">Partenariat \u00e0 long terme<\/h3>\n<p style=\"text-align: center;\">Construisez une relation durable avec une marque en pleine croissance, d\u00e9di\u00e9e \u00e0 l&rsquo;innovation et \u00e0 la qualit\u00e9.<\/p>\n<p>[\/et_pb_text][\/et_pb_column][\/et_pb_row][\/et_pb_section]<\/p>\n","protected":false},"excerpt":{"rendered":"<p>Comment devenir distributeur ?Si vous \u00eates passionn\u00e9 par le monde \u00e9questre et int\u00e9ress\u00e9 par la technologie, et que vous souhaitez offrir des solutions de pointe \u00e0 vos clients, nous aimerions vous rencontrer. Contactez-nous pour en savoir plus sur le processus pour devenir distributeur NOVOSTABLE. Nous vous fournirons toutes les informations n\u00e9cessaires et r\u00e9pondrons \u00e0 toutes [&hellip;]<\/p>\n","protected":false},"author":1,"featured_media":0,"parent":0,"menu_order":0,"comment_status":"closed","ping_status":"closed","template":"","meta":{"_et_pb_use_builder":"on","_et_pb_old_content":"<!-- wp:divi\/placeholder \/-->","_et_gb_content_width":"","content-type":"","footnotes":""},"class_list":["post-83","page","type-page","status-publish","hentry"],"yoast_head":"<!-- This site is optimized with the Yoast SEO plugin v24.1 - https:\/\/yoast.com\/wordpress\/plugins\/seo\/ -->\n<title>Espace distributeur - NOVOSTABLE<\/title>\n<meta name=\"robots\" content=\"index, follow, max-snippet:-1, max-image-preview:large, max-video-preview:-1\" \/>\n<link rel=\"canonical\" href=\"https:\/\/novostableracing.com\/fr\/espace-distributeur\/\" \/>\n<meta property=\"og:locale\" content=\"fr_FR\" \/>\n<meta property=\"og:type\" content=\"article\" \/>\n<meta property=\"og:title\" content=\"Espace distributeur - NOVOSTABLE\" \/>\n<meta property=\"og:description\" content=\"Comment devenir distributeur ?Si vous \u00eates passionn\u00e9 par le monde \u00e9questre et int\u00e9ress\u00e9 par la technologie, et que vous souhaitez offrir des solutions de pointe \u00e0 vos clients, nous aimerions vous rencontrer. Contactez-nous pour en savoir plus sur le processus pour devenir distributeur NOVOSTABLE. Nous vous fournirons toutes les informations n\u00e9cessaires et r\u00e9pondrons \u00e0 toutes [&hellip;]\" \/>\n<meta property=\"og:url\" content=\"https:\/\/novostableracing.com\/fr\/espace-distributeur\/\" \/>\n<meta property=\"og:site_name\" content=\"NOVOSTABLE\" \/>\n<meta property=\"article:modified_time\" content=\"2024-06-20T14:26:16+00:00\" \/>\n<meta name=\"twitter:card\" content=\"summary_large_image\" \/>\n<meta name=\"twitter:label1\" content=\"Dur\u00e9e de lecture estim\u00e9e\" \/>\n\t<meta name=\"twitter:data1\" content=\"5 minutes\" \/>\n<script type=\"application\/ld+json\" class=\"yoast-schema-graph\">{\"@context\":\"https:\/\/schema.org\",\"@graph\":[{\"@type\":\"WebPage\",\"@id\":\"https:\/\/novostableracing.com\/fr\/espace-distributeur\/\",\"url\":\"https:\/\/novostableracing.com\/fr\/espace-distributeur\/\",\"name\":\"Espace distributeur - NOVOSTABLE\",\"isPartOf\":{\"@id\":\"https:\/\/novostableracing.com\/fr\/#website\"},\"datePublished\":\"2024-06-19T13:56:20+00:00\",\"dateModified\":\"2024-06-20T14:26:16+00:00\",\"breadcrumb\":{\"@id\":\"https:\/\/novostableracing.com\/fr\/espace-distributeur\/#breadcrumb\"},\"inLanguage\":\"fr-FR\",\"potentialAction\":[{\"@type\":\"ReadAction\",\"target\":[\"https:\/\/novostableracing.com\/fr\/espace-distributeur\/\"]}]},{\"@type\":\"BreadcrumbList\",\"@id\":\"https:\/\/novostableracing.com\/fr\/espace-distributeur\/#breadcrumb\",\"itemListElement\":[{\"@type\":\"ListItem\",\"position\":1,\"name\":\"Accueil\",\"item\":\"https:\/\/novostableracing.com\/fr\/\"},{\"@type\":\"ListItem\",\"position\":2,\"name\":\"Espace distributeur\"}]},{\"@type\":\"WebSite\",\"@id\":\"https:\/\/novostableracing.com\/fr\/#website\",\"url\":\"https:\/\/novostableracing.com\/fr\/\",\"name\":\"NOVOSTABLE\",\"description\":\"Care for horses\",\"publisher\":{\"@id\":\"https:\/\/novostableracing.com\/fr\/#organization\"},\"potentialAction\":[{\"@type\":\"SearchAction\",\"target\":{\"@type\":\"EntryPoint\",\"urlTemplate\":\"https:\/\/novostableracing.com\/fr\/?s={search_term_string}\"},\"query-input\":{\"@type\":\"PropertyValueSpecification\",\"valueRequired\":true,\"valueName\":\"search_term_string\"}}],\"inLanguage\":\"fr-FR\"},{\"@type\":\"Organization\",\"@id\":\"https:\/\/novostableracing.com\/fr\/#organization\",\"name\":\"NOVOSTABLE\",\"url\":\"https:\/\/novostableracing.com\/fr\/\",\"logo\":{\"@type\":\"ImageObject\",\"inLanguage\":\"fr-FR\",\"@id\":\"https:\/\/novostableracing.com\/fr\/#\/schema\/logo\/image\/\",\"url\":\"https:\/\/novostableracing.com\/wp-content\/uploads\/2024\/12\/logo-novostable-bleu.jpg\",\"contentUrl\":\"https:\/\/novostableracing.com\/wp-content\/uploads\/2024\/12\/logo-novostable-bleu.jpg\",\"width\":297,\"height\":83,\"caption\":\"NOVOSTABLE\"},\"image\":{\"@id\":\"https:\/\/novostableracing.com\/fr\/#\/schema\/logo\/image\/\"}}]}<\/script>\n<!-- \/ Yoast SEO plugin. -->","yoast_head_json":{"title":"Espace distributeur - NOVOSTABLE","robots":{"index":"index","follow":"follow","max-snippet":"max-snippet:-1","max-image-preview":"max-image-preview:large","max-video-preview":"max-video-preview:-1"},"canonical":"https:\/\/novostableracing.com\/fr\/espace-distributeur\/","og_locale":"fr_FR","og_type":"article","og_title":"Espace distributeur - NOVOSTABLE","og_description":"Comment devenir distributeur ?Si vous \u00eates passionn\u00e9 par le monde \u00e9questre et int\u00e9ress\u00e9 par la technologie, et que vous souhaitez offrir des solutions de pointe \u00e0 vos clients, nous aimerions vous rencontrer. Contactez-nous pour en savoir plus sur le processus pour devenir distributeur NOVOSTABLE. Nous vous fournirons toutes les informations n\u00e9cessaires et r\u00e9pondrons \u00e0 toutes [&hellip;]","og_url":"https:\/\/novostableracing.com\/fr\/espace-distributeur\/","og_site_name":"NOVOSTABLE","article_modified_time":"2024-06-20T14:26:16+00:00","twitter_card":"summary_large_image","twitter_misc":{"Dur\u00e9e de lecture estim\u00e9e":"5 minutes"},"schema":{"@context":"https:\/\/schema.org","@graph":[{"@type":"WebPage","@id":"https:\/\/novostableracing.com\/fr\/espace-distributeur\/","url":"https:\/\/novostableracing.com\/fr\/espace-distributeur\/","name":"Espace distributeur - NOVOSTABLE","isPartOf":{"@id":"https:\/\/novostableracing.com\/fr\/#website"},"datePublished":"2024-06-19T13:56:20+00:00","dateModified":"2024-06-20T14:26:16+00:00","breadcrumb":{"@id":"https:\/\/novostableracing.com\/fr\/espace-distributeur\/#breadcrumb"},"inLanguage":"fr-FR","potentialAction":[{"@type":"ReadAction","target":["https:\/\/novostableracing.com\/fr\/espace-distributeur\/"]}]},{"@type":"BreadcrumbList","@id":"https:\/\/novostableracing.com\/fr\/espace-distributeur\/#breadcrumb","itemListElement":[{"@type":"ListItem","position":1,"name":"Accueil","item":"https:\/\/novostableracing.com\/fr\/"},{"@type":"ListItem","position":2,"name":"Espace distributeur"}]},{"@type":"WebSite","@id":"https:\/\/novostableracing.com\/fr\/#website","url":"https:\/\/novostableracing.com\/fr\/","name":"NOVOSTABLE","description":"Care for horses","publisher":{"@id":"https:\/\/novostableracing.com\/fr\/#organization"},"potentialAction":[{"@type":"SearchAction","target":{"@type":"EntryPoint","urlTemplate":"https:\/\/novostableracing.com\/fr\/?s={search_term_string}"},"query-input":{"@type":"PropertyValueSpecification","valueRequired":true,"valueName":"search_term_string"}}],"inLanguage":"fr-FR"},{"@type":"Organization","@id":"https:\/\/novostableracing.com\/fr\/#organization","name":"NOVOSTABLE","url":"https:\/\/novostableracing.com\/fr\/","logo":{"@type":"ImageObject","inLanguage":"fr-FR","@id":"https:\/\/novostableracing.com\/fr\/#\/schema\/logo\/image\/","url":"https:\/\/novostableracing.com\/wp-content\/uploads\/2024\/12\/logo-novostable-bleu.jpg","contentUrl":"https:\/\/novostableracing.com\/wp-content\/uploads\/2024\/12\/logo-novostable-bleu.jpg","width":297,"height":83,"caption":"NOVOSTABLE"},"image":{"@id":"https:\/\/novostableracing.com\/fr\/#\/schema\/logo\/image\/"}}]}},"_links":{"self":[{"href":"https:\/\/novostableracing.com\/fr\/wp-json\/wp\/v2\/pages\/83","targetHints":{"allow":["GET"]}}],"collection":[{"href":"https:\/\/novostableracing.com\/fr\/wp-json\/wp\/v2\/pages"}],"about":[{"href":"https:\/\/novostableracing.com\/fr\/wp-json\/wp\/v2\/types\/page"}],"author":[{"embeddable":true,"href":"https:\/\/novostableracing.com\/fr\/wp-json\/wp\/v2\/users\/1"}],"replies":[{"embeddable":true,"href":"https:\/\/novostableracing.com\/fr\/wp-json\/wp\/v2\/comments?post=83"}],"version-history":[{"count":3,"href":"https:\/\/novostableracing.com\/fr\/wp-json\/wp\/v2\/pages\/83\/revisions"}],"predecessor-version":[{"id":254,"href":"https:\/\/novostableracing.com\/fr\/wp-json\/wp\/v2\/pages\/83\/revisions\/254"}],"wp:attachment":[{"href":"https:\/\/novostableracing.com\/fr\/wp-json\/wp\/v2\/media?parent=83"}],"curies":[{"name":"wp","href":"https:\/\/api.w.org\/{rel}","templated":true}]}}