{"id":87,"date":"2024-06-19T15:56:34","date_gmt":"2024-06-19T13:56:34","guid":{"rendered":"https:\/\/novostableracing.com\/?page_id=87"},"modified":"2025-03-24T22:18:24","modified_gmt":"2025-03-24T21:18:24","slug":"a-propos","status":"publish","type":"page","link":"https:\/\/novostableracing.com\/fr\/a-propos\/","title":{"rendered":"A propos"},"content":{"rendered":"<p>[et_pb_section fb_built=\u00a0\u00bb1&Prime; _builder_version=\u00a0\u00bb4.27.4&Prime; _module_preset=\u00a0\u00bbdefault\u00a0\u00bb background_video_mp4=\u00a0\u00bbhttps:\/\/novostableracing.com\/wp-content\/uploads\/2024\/06\/Novostable-histoire.mp4&Prime; custom_padding=\u00a0\u00bb29vh||29vh||true|false\u00a0\u00bb hover_enabled=\u00a0\u00bb0&Prime; global_colors_info=\u00a0\u00bb{}\u00a0\u00bb sticky_enabled=\u00a0\u00bb0&Prime;][et_pb_row _builder_version=\u00a0\u00bb4.24.0&Prime; _module_preset=\u00a0\u00bbdefault\u00a0\u00bb global_colors_info=\u00a0\u00bb{}\u00a0\u00bb][et_pb_column type=\u00a0\u00bb4_4&Prime; _builder_version=\u00a0\u00bb4.24.0&Prime; _module_preset=\u00a0\u00bbdefault\u00a0\u00bb global_colors_info=\u00a0\u00bb{}\u00a0\u00bb][et_pb_text _builder_version=\u00a0\u00bb4.24.0&Prime; _module_preset=\u00a0\u00bbdefault\u00a0\u00bb text_font=\u00a0\u00bb|800|||||||\u00a0\u00bb text_text_color=\u00a0\u00bb#FFFFFF\u00a0\u00bb text_font_size=\u00a0\u00bb21px\u00a0\u00bb header_text_color=\u00a0\u00bb#FFFFFF\u00a0\u00bb header_font_size=\u00a0\u00bb61px\u00a0\u00bb text_text_shadow_style=\u00a0\u00bbpreset5&Prime; header_text_shadow_style=\u00a0\u00bbpreset5&Prime; global_colors_info=\u00a0\u00bb{}\u00a0\u00bb]<\/p>\n<h1 style=\"text-align: center;\">\u00c0 propos de NOVOSTABLE<\/h1>\n<p style=\"text-align: center;\">Notre Histoire &#8211; Naissance du Concept CARE FOR HORSES<\/p>\n<p>[\/et_pb_text][et_pb_button button_text=\u00a0\u00bbLire la vid\u00e9o\u00a0\u00bb button_alignment=\u00a0\u00bbcenter\u00a0\u00bb _builder_version=\u00a0\u00bb4.24.0&Prime; _module_preset=\u00a0\u00bbdefault\u00a0\u00bb button_icon=\u00a0\u00bb&#xf144;||fa||900&Prime; button_icon_placement=\u00a0\u00bbleft\u00a0\u00bb button_on_hover=\u00a0\u00bboff\u00a0\u00bb dsm_modules_popup=\u00a0\u00bbon\u00a0\u00bb dsm_modules_popup_type=\u00a0\u00bbvideo\u00a0\u00bb dsm_modules_popup_video_url=\u00a0\u00bbhttps:\/\/novostableracing.com\/wp-content\/uploads\/2024\/06\/Novostable-histoire.mp4&Prime; dsm_modules_popup_width=\u00a0\u00bb1200px\u00a0\u00bb dsm_modules_close_icon_color=\u00a0\u00bb#FFFFFF\u00a0\u00bb global_colors_info=\u00a0\u00bb{}\u00a0\u00bb][\/et_pb_button][\/et_pb_column][\/et_pb_row][\/et_pb_section][et_pb_section fb_built=\u00a0\u00bb1&Prime; _builder_version=\u00a0\u00bb4.24.0&Prime; _module_preset=\u00a0\u00bbdefault\u00a0\u00bb background_color=\u00a0\u00bbgcid-a01e876b-4c9a-4c1d-b51c-752860ca0ae7&Prime; locked=\u00a0\u00bboff\u00a0\u00bb global_colors_info=\u00a0\u00bb{%22gcid-a01e876b-4c9a-4c1d-b51c-752860ca0ae7%22:%91%22background_color%22%93}\u00a0\u00bb][et_pb_row column_structure=\u00a0\u00bb2_3,1_3&Prime; make_equal=\u00a0\u00bbon\u00a0\u00bb _builder_version=\u00a0\u00bb4.24.0&Prime; _module_preset=\u00a0\u00bbdefault\u00a0\u00bb custom_padding=\u00a0\u00bb||11px|||\u00a0\u00bb custom_css_main_element=\u00a0\u00bbalign-items: center;||\u00a0\u00bb global_colors_info=\u00a0\u00bb{}\u00a0\u00bb][et_pb_column type=\u00a0\u00bb2_3&Prime; _builder_version=\u00a0\u00bb4.24.0&Prime; _module_preset=\u00a0\u00bbdefault\u00a0\u00bb global_colors_info=\u00a0\u00bb{}\u00a0\u00bb][et_pb_text _builder_version=\u00a0\u00bb4.24.0&Prime; _module_preset=\u00a0\u00bbdefault\u00a0\u00bb global_colors_info=\u00a0\u00bb{}\u00a0\u00bb]<\/p>\n<p>Chez NOVOSTABLE, \u00ab\u00a0CARE FOR HORSES\u00a0\u00bb n&rsquo;est pas seulement un slogan, mais le c\u0153ur de notre mission. Inspir\u00e9s par l&rsquo;un de nos fondateurs, qui a grandi entour\u00e9 de chevaux, nous avons cherch\u00e9 une solution pour rester connect\u00e9 avec ces magnifiques animaux, m\u00eame \u00e0 distance. Ainsi est n\u00e9e NOVOSTABLE, avec l&rsquo;objectif de d\u00e9velopper des solutions de vid\u00e9osurveillance intelligentes pour chevaux, permettant une surveillance 24\/7.<\/p>\n<p>&nbsp;<\/p>\n<h2>Notre Technologie &#8211; Intelligente et Pr\u00e9cise<\/h2>\n<p>La technologie NOVOSTABLE repose sur une IA sp\u00e9cialement d\u00e9velopp\u00e9e par notre \u00e9quipe diversifi\u00e9e et talentueuse. Notre mission est de fournir des solutions simples mais avanc\u00e9es pour assurer la sant\u00e9 et le bien-\u00eatre des chevaux, gr\u00e2ce \u00e0 des outils comme la d\u00e9tection de comportements inhabituels et l&rsquo;analyse de bien-\u00eatre.<\/p>\n<p>&nbsp;<\/p>\n<h2>Notre Conception &#8211; Unique et Originale<\/h2>\n<p>L&rsquo;exp\u00e9rience utilisateur de NOVOSTABLE a \u00e9t\u00e9 con\u00e7ue pour \u00eatre aussi unique et originale que nos utilisateurs et leurs chevaux. Nous avons accord\u00e9 une attention particuli\u00e8re \u00e0 chaque d\u00e9tail, des visuels de notre site web \u00e0 notre application mobile, pour garantir une exp\u00e9rience utilisateur optimale.<\/p>\n<p>[\/et_pb_text][\/et_pb_column][et_pb_column type=\u00a0\u00bb1_3&Prime; _builder_version=\u00a0\u00bb4.24.0&Prime; _module_preset=\u00a0\u00bbdefault\u00a0\u00bb global_colors_info=\u00a0\u00bb{}\u00a0\u00bb][et_pb_image src=\u00a0\u00bbhttps:\/\/novostableracing.com\/wp-content\/uploads\/2024\/06\/Solution-novostable-mobile-camera.png\u00a0\u00bb alt=\u00a0\u00bbMise en forme montrant l&rsquo;application mobile Novostable, la cam\u00e9ra et un exemple d&rsquo;utilisation avec un cheval\u00a0\u00bb title_text=\u00a0\u00bbSolution-novostable-mobile-camera\u00a0\u00bb _builder_version=\u00a0\u00bb4.24.0&Prime; _module_preset=\u00a0\u00bbdefault\u00a0\u00bb border_radii=\u00a0\u00bbon|10px|10px|10px|10px\u00a0\u00bb global_colors_info=\u00a0\u00bb{}\u00a0\u00bb][\/et_pb_image][\/et_pb_column][\/et_pb_row][\/et_pb_section][et_pb_section fb_built=\u00a0\u00bb1&Prime; _builder_version=\u00a0\u00bb4.24.0&Prime; _module_preset=\u00a0\u00bbdefault\u00a0\u00bb global_colors_info=\u00a0\u00bb{}\u00a0\u00bb][et_pb_row _builder_version=\u00a0\u00bb4.24.0&Prime; _module_preset=\u00a0\u00bbdefault\u00a0\u00bb global_colors_info=\u00a0\u00bb{}\u00a0\u00bb][et_pb_column type=\u00a0\u00bb4_4&Prime; _builder_version=\u00a0\u00bb4.24.0&Prime; _module_preset=\u00a0\u00bbdefault\u00a0\u00bb global_colors_info=\u00a0\u00bb{}\u00a0\u00bb][et_pb_text _builder_version=\u00a0\u00bb4.24.0&Prime; _module_preset=\u00a0\u00bbdefault\u00a0\u00bb global_colors_info=\u00a0\u00bb{}\u00a0\u00bb]<\/p>\n<h2 style=\"text-align: center;\">Notre \u00c9quipe &#8211; Experte et Qualifi\u00e9e<\/h2>\n<p style=\"text-align: center;\">NOVOSTABLE est fi\u00e8re de son \u00e9quipe, compos\u00e9e de professionnels passionn\u00e9s et sp\u00e9cialis\u00e9s dans divers domaines, de la gestion et du digital \u00e0 la recherche scientifique en IA. Chaque membre de notre \u00e9quipe apporte une expertise unique pour contribuer au succ\u00e8s de nos solutions innovantes.<\/p>\n<p>[\/et_pb_text][dsm_card_carousel slide_to_show=\u00a0\u00bb4&Prime; infinite=\u00a0\u00bboff\u00a0\u00bb arrow_position_mobile=\u00a0\u00bboutside\u00a0\u00bb dots=\u00a0\u00bboff\u00a0\u00bb slide_to_show_tablet=\u00a0\u00bb2&Prime; slide_to_show_phone=\u00a0\u00bb1&Prime; slide_to_show_last_edited=\u00a0\u00bbon|phone\u00a0\u00bb _builder_version=\u00a0\u00bb4.24.0&Prime; _module_preset=\u00a0\u00bbdefault\u00a0\u00bb subhead_font=\u00a0\u00bb|||on|||||\u00a0\u00bb subhead_text_color=\u00a0\u00bbgcid-d715dce0-bcd5-4d9f-9f1f-6f3f1f148f87&Prime; subhead_font_size=\u00a0\u00bb11px\u00a0\u00bb subhead_letter_spacing=\u00a0\u00bb2px\u00a0\u00bb subhead_line_height=\u00a0\u00bb2.3em\u00a0\u00bb global_colors_info=\u00a0\u00bb{%22gcid-d715dce0-bcd5-4d9f-9f1f-6f3f1f148f87%22:%91%22subhead_text_color%22%93}\u00a0\u00bb][dsm_card_carousel_child title=\u00a0\u00bbVICTORIA\u00a0\u00bb subtitle=\u00a0\u00bbFondatrice\u00a0\u00bb image=\u00a0\u00bbhttps:\/\/novostableracing.com\/wp-content\/uploads\/2024\/06\/victoria-portait2.webp\u00a0\u00bb alt=\u00a0\u00bbPhoto de Victoria, la fondatrice de Novostable\u00a0\u00bb button_url_new_window=\u00a0\u00bb1&Prime; _builder_version=\u00a0\u00bb4.24.0&Prime; _module_preset=\u00a0\u00bbdefault\u00a0\u00bb background_color=\u00a0\u00bb#E6EBEC\u00a0\u00bb background_enable_color=\u00a0\u00bbon\u00a0\u00bb global_colors_info=\u00a0\u00bb{}\u00a0\u00bb parent_button=\u00a0\u00bboff\u00a0\u00bb parent_header_level=\u00a0\u00bbh4&Prime;]<\/p>\n<p><span style=\"font-weight: 400;\">Propri\u00e9taire de chevaux depuis toujours et ancienne cavali\u00e8re de saut d&rsquo;obstacles. Mais aussi plus de 12 ans d&rsquo;exp\u00e9rience manag\u00e9riale et digitale dans les meilleures agences. Agit en tant que COO, responsable de l&rsquo;exp\u00e9rience client et de la strat\u00e9gie.<\/span><\/p>\n<p>[\/dsm_card_carousel_child][dsm_card_carousel_child title=\u00a0\u00bbJULIEN \u00a0\u00bb subtitle=\u00a0\u00bbFondateur\u00a0\u00bb image=\u00a0\u00bbhttps:\/\/novostableracing.com\/wp-content\/uploads\/2024\/06\/julien_portrait_PNG.webp\u00a0\u00bb alt=\u00a0\u00bbPhoto de Julien, le fondateur de Novostable\u00a0\u00bb button_url_new_window=\u00a0\u00bb1&Prime; _builder_version=\u00a0\u00bb4.24.0&Prime; _module_preset=\u00a0\u00bbdefault\u00a0\u00bb background_color=\u00a0\u00bb#E6EBEC\u00a0\u00bb background_enable_color=\u00a0\u00bbon\u00a0\u00bb global_colors_info=\u00a0\u00bb{}\u00a0\u00bb parent_button=\u00a0\u00bboff\u00a0\u00bb parent_header_level=\u00a0\u00bbh4&Prime;]<\/p>\n<p><span style=\"font-weight: 400;\">15 ans d&rsquo;exp\u00e9rience dans la recherche scientifique, l&rsquo;informatique, l&rsquo;IA mais aussi dans le management.<\/span><\/p>\n<p><span style=\"font-weight: 400;\">En charge de superviser tous les d\u00e9veloppements innovants et techniques ainsi que le d\u00e9veloppement commercial.<\/span><\/p>\n<p>[\/dsm_card_carousel_child][dsm_card_carousel_child title=\u00a0\u00bbJUSTINE\u00a0\u00bb subtitle=\u00a0\u00bbMouton Magique\u00a0\u00bb image=\u00a0\u00bbhttps:\/\/novostableracing.com\/wp-content\/uploads\/2024\/06\/polo_femme_face.webp\u00a0\u00bb alt=\u00a0\u00bbPhoto de Justine\u00a0\u00bb button_url_new_window=\u00a0\u00bb1&Prime; _builder_version=\u00a0\u00bb4.24.0&Prime; _module_preset=\u00a0\u00bbdefault\u00a0\u00bb background_color=\u00a0\u00bb#E6EBEC\u00a0\u00bb background_enable_color=\u00a0\u00bbon\u00a0\u00bb global_colors_info=\u00a0\u00bb{}\u00a0\u00bb parent_button=\u00a0\u00bboff\u00a0\u00bb parent_header_level=\u00a0\u00bbh4&Prime;]<\/p>\n<p><span style=\"font-weight: 400;\">Justine est notre mouton magique ! Pr\u00e9sente depuis le tout d\u00e9but de l&rsquo;aventure, elle apporte une touche unique \u00e0 tout ce qu&rsquo;elle touche. Que ce soit en marketing, digital, design, photographie, vid\u00e9o&#8230; elle peut tout faire ! N&rsquo;\u00e9tant pas une personne du cheval, elle peut alors nous aider \u00e0 sortir des sentiers battus !<\/span><\/p>\n<p>[\/dsm_card_carousel_child][dsm_card_carousel_child title=\u00a0\u00bbL\u00c9A \u00a0\u00bb subtitle=\u00a0\u00bbResponsable du D\u00e9veloppement Commercial France\u00a0\u00bb image=\u00a0\u00bbhttps:\/\/novostableracing.com\/wp-content\/uploads\/2024\/06\/lea_HEIC.webp\u00a0\u00bb alt=\u00a0\u00bbPhoto de L\u00e9a\u00a0\u00bb button_url_new_window=\u00a0\u00bb1&Prime; _builder_version=\u00a0\u00bb4.24.0&Prime; _module_preset=\u00a0\u00bbdefault\u00a0\u00bb background_color=\u00a0\u00bb#E6EBEC\u00a0\u00bb background_enable_color=\u00a0\u00bbon\u00a0\u00bb global_colors_info=\u00a0\u00bb{}\u00a0\u00bb parent_button=\u00a0\u00bboff\u00a0\u00bb parent_header_level=\u00a0\u00bbh4&Prime;]<\/p>\n<p><span style=\"font-weight: 400;\">Depuis ses 3 ans, L\u00e9a vit sa passion pour les chevaux, qui guide aujourd&rsquo;hui son r\u00f4le chez nous.<br \/>En tant que Responsable d\u00e9veloppement commercial France, elle est l\u00e0 pour r\u00e9pondre \u00e0 vos questions avec son expertise \u00e9questre.<\/span><\/p>\n<p>[\/dsm_card_carousel_child][dsm_card_carousel_child title=\u00a0\u00bbTH\u00c9O\u00a0\u00bb subtitle=\u00a0\u00bbIng\u00e9nieur en donn\u00e9es et logiciel\u00a0\u00bb image=\u00a0\u00bbhttps:\/\/novostableracing.com\/wp-content\/uploads\/2024\/11\/1715005827171-e1730986294701.jpg\u00a0\u00bb alt=\u00a0\u00bbPhoto de Omer\u00a0\u00bb button_url_new_window=\u00a0\u00bb1&Prime; _builder_version=\u00a0\u00bb4.24.0&Prime; _module_preset=\u00a0\u00bbdefault\u00a0\u00bb background_color=\u00a0\u00bb#E6EBEC\u00a0\u00bb background_enable_color=\u00a0\u00bbon\u00a0\u00bb global_colors_info=\u00a0\u00bb{}\u00a0\u00bb parent_button=\u00a0\u00bboff\u00a0\u00bb parent_header_level=\u00a0\u00bbh4&Prime;]<\/p>\n<p><span style=\"font-weight: 400;\">Th\u00e9o Damiani, passionn\u00e9 de nouvelles technologies et dipl\u00f4m\u00e9 en informatique de l\u2019EPFL, a rejoint NOVO SENSO, s\u00e9duit par notre ambition d\u2019int\u00e9grer l&rsquo;IA pour promouvoir le bien-\u00eatre des chevaux. Sa sensibilit\u00e9 pour la nature et les animaux en fait un atout pr\u00e9cieux pour notre \u00e9quipe.<\/span><\/p>\n<p>[\/dsm_card_carousel_child][dsm_card_carousel_child title=\u00a0\u00bbFLAVIE\u00a0\u00bb subtitle=\u00a0\u00bbResponsable du D\u00e9veloppement Commercial International \u00a0\u00bb image=\u00a0\u00bbhttps:\/\/novostableracing.com\/wp-content\/uploads\/2024\/11\/1723124212300-e1730985884280.jpg\u00a0\u00bb alt=\u00a0\u00bbPhoto de L\u00e9a\u00a0\u00bb button_url_new_window=\u00a0\u00bb1&Prime; _builder_version=\u00a0\u00bb4.24.0&Prime; _module_preset=\u00a0\u00bbdefault\u00a0\u00bb background_color=\u00a0\u00bb#E6EBEC\u00a0\u00bb background_enable_color=\u00a0\u00bbon\u00a0\u00bb global_colors_info=\u00a0\u00bb{}\u00a0\u00bb parent_button=\u00a0\u00bboff\u00a0\u00bb parent_header_level=\u00a0\u00bbh4&Prime;]<\/p>\n<p><span style=\"font-weight: 400;\">Flavie a grandi au milieu des chevaux, inspir\u00e9e par sa m\u00e8re, propri\u00e9taire de chevaux et d&rsquo;une \u00e9curie. Elle est aujourd&rsquo;hui en charge de la gestion de nos partenaires internationaux pour assurer la pr\u00e9sence de NOVOSTABLE dans chaque pays.<\/span><\/p>\n<p>[\/dsm_card_carousel_child][dsm_card_carousel_child title=\u00a0\u00bbTH\u00c9OPHILE\u00a0\u00bb subtitle=\u00a0\u00bbCOW BOY DE LA DATA\u00a0\u00bb image=\u00a0\u00bbhttps:\/\/novostableracing.com\/wp-content\/uploads\/2024\/11\/1726731790400-e1730986555415.jpg\u00a0\u00bb alt=\u00a0\u00bbPhoto de L\u00e9a\u00a0\u00bb button_url_new_window=\u00a0\u00bb1&Prime; _builder_version=\u00a0\u00bb4.24.0&Prime; _module_preset=\u00a0\u00bbdefault\u00a0\u00bb background_color=\u00a0\u00bb#E6EBEC\u00a0\u00bb background_enable_color=\u00a0\u00bbon\u00a0\u00bb global_colors_info=\u00a0\u00bb{}\u00a0\u00bb parent_button=\u00a0\u00bboff\u00a0\u00bb parent_header_level=\u00a0\u00bbh4&Prime;]<\/p>\n<p><span style=\"font-weight: 400;\">Apr\u00e8s des exp\u00e9riences enrichissantes \u00e0 Paris, au Canada et \u00e0 Hong Kong, Th\u00e9ophile a perfectionn\u00e9 l\u2019art du data wrangling. De la refonte de la plateforme du permis de conduire \u00e0 l\u2019int\u00e9gration de l\u2019IA g\u00e9n\u00e9rative, il est toujours pr\u00eat \u00e0 concevoir des solutions optimales pour l\u2019UX et la gestion des donn\u00e9es.<\/span><\/p>\n<p>[\/dsm_card_carousel_child][dsm_card_carousel_child title=\u00a0\u00bbTHIERRY\u00a0\u00bb subtitle=\u00a0\u00bbAGENT COMMERCIAL\u00a0\u00bb image=\u00a0\u00bbhttps:\/\/novostableracing.com\/wp-content\/uploads\/2024\/11\/1720433508941-e1730988543281.jpg\u00a0\u00bb alt=\u00a0\u00bbPhoto de L\u00e9a\u00a0\u00bb button_url_new_window=\u00a0\u00bb1&Prime; _builder_version=\u00a0\u00bb4.24.0&Prime; _module_preset=\u00a0\u00bbdefault\u00a0\u00bb background_color=\u00a0\u00bb#E6EBEC\u00a0\u00bb background_enable_color=\u00a0\u00bbon\u00a0\u00bb global_colors_info=\u00a0\u00bb{}\u00a0\u00bb parent_button=\u00a0\u00bboff\u00a0\u00bb parent_header_level=\u00a0\u00bbh4&Prime;]<\/p>\n<p><span style=\"font-weight: 400;\">Avec 30 ans d&rsquo;experience dans le monde \u00e9questre en tant qu&rsquo;entraineur \u00e9questre international, g\u00e9rant d&rsquo;\u00e9curie et dans les courses.<br \/>Thierry rejoint l&rsquo;\u00e9quipe NOVOSTABLE pour mener \u00e0 bien notre expansion internationale dans les domaines suivant; L&rsquo;am\u00e9rique du Sud, les \u00e9tats-Unis et l&rsquo;Asie<\/span><\/p>\n<p>[\/dsm_card_carousel_child][dsm_card_carousel_child title=\u00a0\u00bbPASCAL\u00a0\u00bb subtitle=\u00a0\u00bbAGENT COMMERCIAL\u00a0\u00bb image=\u00a0\u00bbhttps:\/\/novostableracing.com\/wp-content\/uploads\/2024\/11\/1730730101542-e1730988786751.jpg\u00a0\u00bb alt=\u00a0\u00bbPhoto de L\u00e9a\u00a0\u00bb button_url_new_window=\u00a0\u00bb1&Prime; _builder_version=\u00a0\u00bb4.24.0&Prime; _module_preset=\u00a0\u00bbdefault\u00a0\u00bb background_color=\u00a0\u00bb#E6EBEC\u00a0\u00bb background_enable_color=\u00a0\u00bbon\u00a0\u00bb global_colors_info=\u00a0\u00bb{}\u00a0\u00bb parent_button=\u00a0\u00bboff\u00a0\u00bb parent_header_level=\u00a0\u00bbh4&Prime;]<\/p>\n<p><span style=\"font-weight: 400;\">Pascal rejoint NOVOSTABLE avec une passion profonde pour le monde \u00e9questre, nourrie par des voyages et un lien unique entre humains et chevaux. Chez NOVOSTABLE, il allie son amour pour les chevaux \u00e0 son int\u00e9r\u00eat pour la technologie, convaincu que l&rsquo;innovation peut transformer l&rsquo;industrie \u00e9quine.<\/span><\/p>\n<p>[\/dsm_card_carousel_child][\/dsm_card_carousel][\/et_pb_column][\/et_pb_row][et_pb_row column_structure=\u00a0\u00bb3_5,2_5&Prime; make_equal=\u00a0\u00bbon\u00a0\u00bb _builder_version=\u00a0\u00bb4.24.0&Prime; _module_preset=\u00a0\u00bbdefault\u00a0\u00bb custom_css_main_element=\u00a0\u00bbalign-items: center;\u00a0\u00bb global_colors_info=\u00a0\u00bb{}\u00a0\u00bb][et_pb_column type=\u00a0\u00bb3_5&Prime; _builder_version=\u00a0\u00bb4.24.0&Prime; _module_preset=\u00a0\u00bbdefault\u00a0\u00bb global_colors_info=\u00a0\u00bb{}\u00a0\u00bb][et_pb_text _builder_version=\u00a0\u00bb4.24.0&Prime; _module_preset=\u00a0\u00bbdefault\u00a0\u00bb global_colors_info=\u00a0\u00bb{}\u00a0\u00bb]<\/p>\n<h2>Notre Mission &#8211; Vous aider \u00e0 veiller sur votre cheval<\/h2>\n<p>NOVOSTABLE s&rsquo;engage \u00e0 renforcer le lien entre les propri\u00e9taires de chevaux et leurs animaux. Nous offrons des outils pour \u00e9valuer le bien-\u00eatre et la sant\u00e9 des chevaux, renforcer le lien malgr\u00e9 la distance, et apporter s\u00e9r\u00e9nit\u00e9 et tranquillit\u00e9 d&rsquo;esprit aux propri\u00e9taires.<\/p>\n<p>[\/et_pb_text][\/et_pb_column][et_pb_column type=\u00a0\u00bb2_5&Prime; _builder_version=\u00a0\u00bb4.24.0&Prime; _module_preset=\u00a0\u00bbdefault\u00a0\u00bb global_colors_info=\u00a0\u00bb{}\u00a0\u00bb][et_pb_image src=\u00a0\u00bbhttps:\/\/novostableracing.com\/wp-content\/uploads\/2024\/06\/chevaux-bien-etre.jpg\u00a0\u00bb alt=\u00a0\u00bbJument et son poulain dans un champ ensoleill\u00e9, bien-\u00eatre visible\u00a0\u00bb title_text=\u00a0\u00bbchevaux-bien-etre\u00a0\u00bb _builder_version=\u00a0\u00bb4.24.0&Prime; _module_preset=\u00a0\u00bbdefault\u00a0\u00bb global_colors_info=\u00a0\u00bb{}\u00a0\u00bb][\/et_pb_image][\/et_pb_column][\/et_pb_row][\/et_pb_section]<\/p>\n","protected":false},"excerpt":{"rendered":"<p>\u00c0 propos de NOVOSTABLE Notre Histoire &#8211; Naissance du Concept CARE FOR HORSESChez NOVOSTABLE, \u00ab\u00a0CARE FOR HORSES\u00a0\u00bb n&rsquo;est pas seulement un slogan, mais le c\u0153ur de notre mission. Inspir\u00e9s par l&rsquo;un de nos fondateurs, qui a grandi entour\u00e9 de chevaux, nous avons cherch\u00e9 une solution pour rester connect\u00e9 avec ces magnifiques animaux, m\u00eame \u00e0 distance. [&hellip;]<\/p>\n","protected":false},"author":1,"featured_media":0,"parent":0,"menu_order":0,"comment_status":"closed","ping_status":"closed","template":"","meta":{"_et_pb_use_builder":"on","_et_pb_old_content":"<!-- wp:divi\/placeholder \/-->","_et_gb_content_width":"","content-type":"","footnotes":""},"class_list":["post-87","page","type-page","status-publish","hentry"],"yoast_head":"<!-- This site is optimized with the Yoast SEO plugin v24.1 - https:\/\/yoast.com\/wordpress\/plugins\/seo\/ -->\n<title>A propos - NOVOSTABLE<\/title>\n<meta name=\"robots\" content=\"index, follow, max-snippet:-1, max-image-preview:large, max-video-preview:-1\" \/>\n<link rel=\"canonical\" href=\"https:\/\/novostableracing.com\/fr\/a-propos\/\" \/>\n<meta property=\"og:locale\" content=\"fr_FR\" \/>\n<meta property=\"og:type\" content=\"article\" \/>\n<meta property=\"og:title\" content=\"A propos - NOVOSTABLE\" \/>\n<meta property=\"og:description\" content=\"\u00c0 propos de NOVOSTABLE Notre Histoire - Naissance du Concept CARE FOR HORSESChez NOVOSTABLE, &quot;CARE FOR HORSES&quot; n&#039;est pas seulement un slogan, mais le c\u0153ur de notre mission. Inspir\u00e9s par l&#039;un de nos fondateurs, qui a grandi entour\u00e9 de chevaux, nous avons cherch\u00e9 une solution pour rester connect\u00e9 avec ces magnifiques animaux, m\u00eame \u00e0 distance. [&hellip;]\" \/>\n<meta property=\"og:url\" content=\"https:\/\/novostableracing.com\/fr\/a-propos\/\" \/>\n<meta property=\"og:site_name\" content=\"NOVOSTABLE\" \/>\n<meta property=\"article:modified_time\" content=\"2025-03-24T21:18:24+00:00\" \/>\n<meta name=\"twitter:card\" content=\"summary_large_image\" \/>\n<meta name=\"twitter:label1\" content=\"Dur\u00e9e de lecture estim\u00e9e\" \/>\n\t<meta name=\"twitter:data1\" content=\"9 minutes\" \/>\n<script type=\"application\/ld+json\" class=\"yoast-schema-graph\">{\"@context\":\"https:\/\/schema.org\",\"@graph\":[{\"@type\":\"WebPage\",\"@id\":\"https:\/\/novostableracing.com\/fr\/a-propos\/\",\"url\":\"https:\/\/novostableracing.com\/fr\/a-propos\/\",\"name\":\"A propos - NOVOSTABLE\",\"isPartOf\":{\"@id\":\"https:\/\/novostableracing.com\/fr\/#website\"},\"datePublished\":\"2024-06-19T13:56:34+00:00\",\"dateModified\":\"2025-03-24T21:18:24+00:00\",\"breadcrumb\":{\"@id\":\"https:\/\/novostableracing.com\/fr\/a-propos\/#breadcrumb\"},\"inLanguage\":\"fr-FR\",\"potentialAction\":[{\"@type\":\"ReadAction\",\"target\":[\"https:\/\/novostableracing.com\/fr\/a-propos\/\"]}]},{\"@type\":\"BreadcrumbList\",\"@id\":\"https:\/\/novostableracing.com\/fr\/a-propos\/#breadcrumb\",\"itemListElement\":[{\"@type\":\"ListItem\",\"position\":1,\"name\":\"Accueil\",\"item\":\"https:\/\/novostableracing.com\/fr\/\"},{\"@type\":\"ListItem\",\"position\":2,\"name\":\"A propos\"}]},{\"@type\":\"WebSite\",\"@id\":\"https:\/\/novostableracing.com\/fr\/#website\",\"url\":\"https:\/\/novostableracing.com\/fr\/\",\"name\":\"NOVOSTABLE\",\"description\":\"Care for horses\",\"publisher\":{\"@id\":\"https:\/\/novostableracing.com\/fr\/#organization\"},\"potentialAction\":[{\"@type\":\"SearchAction\",\"target\":{\"@type\":\"EntryPoint\",\"urlTemplate\":\"https:\/\/novostableracing.com\/fr\/?s={search_term_string}\"},\"query-input\":{\"@type\":\"PropertyValueSpecification\",\"valueRequired\":true,\"valueName\":\"search_term_string\"}}],\"inLanguage\":\"fr-FR\"},{\"@type\":\"Organization\",\"@id\":\"https:\/\/novostableracing.com\/fr\/#organization\",\"name\":\"NOVOSTABLE\",\"url\":\"https:\/\/novostableracing.com\/fr\/\",\"logo\":{\"@type\":\"ImageObject\",\"inLanguage\":\"fr-FR\",\"@id\":\"https:\/\/novostableracing.com\/fr\/#\/schema\/logo\/image\/\",\"url\":\"https:\/\/novostableracing.com\/wp-content\/uploads\/2024\/12\/logo-novostable-bleu.jpg\",\"contentUrl\":\"https:\/\/novostableracing.com\/wp-content\/uploads\/2024\/12\/logo-novostable-bleu.jpg\",\"width\":297,\"height\":83,\"caption\":\"NOVOSTABLE\"},\"image\":{\"@id\":\"https:\/\/novostableracing.com\/fr\/#\/schema\/logo\/image\/\"}}]}<\/script>\n<!-- \/ Yoast SEO plugin. -->","yoast_head_json":{"title":"A propos - NOVOSTABLE","robots":{"index":"index","follow":"follow","max-snippet":"max-snippet:-1","max-image-preview":"max-image-preview:large","max-video-preview":"max-video-preview:-1"},"canonical":"https:\/\/novostableracing.com\/fr\/a-propos\/","og_locale":"fr_FR","og_type":"article","og_title":"A propos - NOVOSTABLE","og_description":"\u00c0 propos de NOVOSTABLE Notre Histoire - Naissance du Concept CARE FOR HORSESChez NOVOSTABLE, \"CARE FOR HORSES\" n'est pas seulement un slogan, mais le c\u0153ur de notre mission. Inspir\u00e9s par l'un de nos fondateurs, qui a grandi entour\u00e9 de chevaux, nous avons cherch\u00e9 une solution pour rester connect\u00e9 avec ces magnifiques animaux, m\u00eame \u00e0 distance. [&hellip;]","og_url":"https:\/\/novostableracing.com\/fr\/a-propos\/","og_site_name":"NOVOSTABLE","article_modified_time":"2025-03-24T21:18:24+00:00","twitter_card":"summary_large_image","twitter_misc":{"Dur\u00e9e de lecture estim\u00e9e":"9 minutes"},"schema":{"@context":"https:\/\/schema.org","@graph":[{"@type":"WebPage","@id":"https:\/\/novostableracing.com\/fr\/a-propos\/","url":"https:\/\/novostableracing.com\/fr\/a-propos\/","name":"A propos - NOVOSTABLE","isPartOf":{"@id":"https:\/\/novostableracing.com\/fr\/#website"},"datePublished":"2024-06-19T13:56:34+00:00","dateModified":"2025-03-24T21:18:24+00:00","breadcrumb":{"@id":"https:\/\/novostableracing.com\/fr\/a-propos\/#breadcrumb"},"inLanguage":"fr-FR","potentialAction":[{"@type":"ReadAction","target":["https:\/\/novostableracing.com\/fr\/a-propos\/"]}]},{"@type":"BreadcrumbList","@id":"https:\/\/novostableracing.com\/fr\/a-propos\/#breadcrumb","itemListElement":[{"@type":"ListItem","position":1,"name":"Accueil","item":"https:\/\/novostableracing.com\/fr\/"},{"@type":"ListItem","position":2,"name":"A propos"}]},{"@type":"WebSite","@id":"https:\/\/novostableracing.com\/fr\/#website","url":"https:\/\/novostableracing.com\/fr\/","name":"NOVOSTABLE","description":"Care for horses","publisher":{"@id":"https:\/\/novostableracing.com\/fr\/#organization"},"potentialAction":[{"@type":"SearchAction","target":{"@type":"EntryPoint","urlTemplate":"https:\/\/novostableracing.com\/fr\/?s={search_term_string}"},"query-input":{"@type":"PropertyValueSpecification","valueRequired":true,"valueName":"search_term_string"}}],"inLanguage":"fr-FR"},{"@type":"Organization","@id":"https:\/\/novostableracing.com\/fr\/#organization","name":"NOVOSTABLE","url":"https:\/\/novostableracing.com\/fr\/","logo":{"@type":"ImageObject","inLanguage":"fr-FR","@id":"https:\/\/novostableracing.com\/fr\/#\/schema\/logo\/image\/","url":"https:\/\/novostableracing.com\/wp-content\/uploads\/2024\/12\/logo-novostable-bleu.jpg","contentUrl":"https:\/\/novostableracing.com\/wp-content\/uploads\/2024\/12\/logo-novostable-bleu.jpg","width":297,"height":83,"caption":"NOVOSTABLE"},"image":{"@id":"https:\/\/novostableracing.com\/fr\/#\/schema\/logo\/image\/"}}]}},"_links":{"self":[{"href":"https:\/\/novostableracing.com\/fr\/wp-json\/wp\/v2\/pages\/87","targetHints":{"allow":["GET"]}}],"collection":[{"href":"https:\/\/novostableracing.com\/fr\/wp-json\/wp\/v2\/pages"}],"about":[{"href":"https:\/\/novostableracing.com\/fr\/wp-json\/wp\/v2\/types\/page"}],"author":[{"embeddable":true,"href":"https:\/\/novostableracing.com\/fr\/wp-json\/wp\/v2\/users\/1"}],"replies":[{"embeddable":true,"href":"https:\/\/novostableracing.com\/fr\/wp-json\/wp\/v2\/comments?post=87"}],"version-history":[{"count":8,"href":"https:\/\/novostableracing.com\/fr\/wp-json\/wp\/v2\/pages\/87\/revisions"}],"predecessor-version":[{"id":1511,"href":"https:\/\/novostableracing.com\/fr\/wp-json\/wp\/v2\/pages\/87\/revisions\/1511"}],"wp:attachment":[{"href":"https:\/\/novostableracing.com\/fr\/wp-json\/wp\/v2\/media?parent=87"}],"curies":[{"name":"wp","href":"https:\/\/api.w.org\/{rel}","templated":true}]}}