{"id":89,"date":"2024-06-19T15:56:42","date_gmt":"2024-06-19T13:56:42","guid":{"rendered":"https:\/\/novostableracing.com\/?page_id=89"},"modified":"2026-02-06T16:48:14","modified_gmt":"2026-02-06T15:48:14","slug":"contact","status":"publish","type":"page","link":"https:\/\/novostableracing.com\/fr\/contact\/","title":{"rendered":"Contact"},"content":{"rendered":"<p>[et_pb_section fb_built=\u00a0\u00bb1&Prime; _builder_version=\u00a0\u00bb4.24.0&Prime; _module_preset=\u00a0\u00bbdefault\u00a0\u00bb global_colors_info=\u00a0\u00bb{}\u00a0\u00bb][et_pb_row _builder_version=\u00a0\u00bb4.24.0&Prime; _module_preset=\u00a0\u00bbdefault\u00a0\u00bb custom_padding=\u00a0\u00bb10px||10px||true|false\u00a0\u00bb global_colors_info=\u00a0\u00bb{}\u00a0\u00bb][et_pb_column type=\u00a0\u00bb4_4&Prime; _builder_version=\u00a0\u00bb4.24.0&Prime; _module_preset=\u00a0\u00bbdefault\u00a0\u00bb global_colors_info=\u00a0\u00bb{}\u00a0\u00bb][et_pb_text _builder_version=\u00a0\u00bb4.24.0&Prime; _module_preset=\u00a0\u00bbdefault\u00a0\u00bb header_font=\u00a0\u00bb|300|||||||\u00a0\u00bb header_2_text_color=\u00a0\u00bbgcid-d715dce0-bcd5-4d9f-9f1f-6f3f1f148f87&Prime; global_colors_info=\u00a0\u00bb{%22gcid-d715dce0-bcd5-4d9f-9f1f-6f3f1f148f87%22:%91%22header_2_text_color%22%93}\u00a0\u00bb]<\/p>\n<h1 style=\"text-align: center;\">Nous contacter<\/h1>\n<p>[\/et_pb_text][\/et_pb_column][\/et_pb_row][et_pb_row column_structure=\u00a0\u00bb2_3,1_3&Prime; use_custom_gutter=\u00a0\u00bbon\u00a0\u00bb gutter_width=\u00a0\u00bb1&Prime; make_equal=\u00a0\u00bbon\u00a0\u00bb _builder_version=\u00a0\u00bb4.27.4&Prime; _module_preset=\u00a0\u00bbdefault\u00a0\u00bb transform_scale=\u00a0\u00bb82%|82%\u00a0\u00bb custom_padding=\u00a0\u00bb0px||0px|||\u00a0\u00bb global_colors_info=\u00a0\u00bb{}\u00a0\u00bb][et_pb_column type=\u00a0\u00bb2_3&Prime; _builder_version=\u00a0\u00bb4.24.0&Prime; _module_preset=\u00a0\u00bbdefault\u00a0\u00bb background_color=\u00a0\u00bbgcid-a01e876b-4c9a-4c1d-b51c-752860ca0ae7&Prime; custom_padding=\u00a0\u00bb30px|30px|30px|30px|true|true\u00a0\u00bb global_colors_info=\u00a0\u00bb{%22gcid-a01e876b-4c9a-4c1d-b51c-752860ca0ae7%22:%91%22background_color%22%93}\u00a0\u00bb][et_pb_image src=\u00a0\u00bbhttps:\/\/novostableracing.com\/wp-content\/uploads\/2024\/12\/pexels-daniel-43199-158976-scaled-1.jpg\u00a0\u00bb title_text=\u00a0\u00bbpexels-daniel-43199-158976-scaled-1&Prime; _builder_version=\u00a0\u00bb4.27.4&Prime; _module_preset=\u00a0\u00bbdefault\u00a0\u00bb max_width=\u00a0\u00bb60%\u00a0\u00bb module_alignment=\u00a0\u00bbcenter\u00a0\u00bb global_colors_info=\u00a0\u00bb{}\u00a0\u00bb][\/et_pb_image][\/et_pb_column][et_pb_column type=\u00a0\u00bb1_3&Prime; _builder_version=\u00a0\u00bb4.24.0&Prime; _module_preset=\u00a0\u00bbdefault\u00a0\u00bb background_color=\u00a0\u00bbgcid-fd565e92-837d-4b89-a52f-7717180e7f29&Prime; custom_padding=\u00a0\u00bb30px||30px||true|false\u00a0\u00bb global_colors_info=\u00a0\u00bb{%22gcid-fd565e92-837d-4b89-a52f-7717180e7f29%22:%91%22background_color%22%93}\u00a0\u00bb][et_pb_text _builder_version=\u00a0\u00bb4.27.4&Prime; _module_preset=\u00a0\u00bbdefault\u00a0\u00bb global_colors_info=\u00a0\u00bb{}\u00a0\u00bb]<\/p>\n<div id=\"comp-m56sd5vn\" class=\"Z_l5lU ku3DBC zQ9jDz qvSjx3 Vq6kJx comp-m56sd5vn wixui-rich-text\" data-testid=\"richTextElement\">\n<h2 class=\"font_3 wixui-rich-text__text\" style=\"text-align: center;\"><span class=\"wixui-rich-text__text\" style=\"color: #ffffff; font-size: xx-large;\">\u00a0Contactez Nous<\/span><\/h2>\n<\/div>\n<div id=\"comp-m56sd5vo1\" class=\"Z_l5lU ku3DBC zQ9jDz qvSjx3 Vq6kJx comp-m56sd5vo1 wixui-rich-text\" data-testid=\"richTextElement\" style=\"text-align: center;\">\n<p class=\"font_8 wixui-rich-text__text\"><span class=\"wixui-rich-text__text\" style=\"color: #ffffff;\">\u00a0 \u00a0 \u00a0 \u00a0 \u00a0 \u00a0 \u00a0 \u00a0 \u00a0 \u00a0 \u00a05 bis avenue du Pr\u00e9 Closet\u00a0 \u00a0 \u00a0 \u00a0 \u00a0 \u00a0 \u00a0 \u00a0 \u00a0 \u00a0 \u00a0 <\/span><span style=\"color: #ffffff; font-size: 16px;\">74940 Annecy FRANCE<\/span><\/p>\n<p class=\"font_8 wixui-rich-text__text\"><span style=\"color: #ffffff; font-size: 16px;\"><\/span><\/p>\n<\/div>\n<div id=\"comp-m56sd5vp4\" class=\"Z_l5lU ku3DBC zQ9jDz qvSjx3 Vq6kJx comp-m56sd5vp4 wixui-rich-text\" data-testid=\"richTextElement\" style=\"text-align: center;\">\n<p class=\"font_8 wixui-rich-text__text\"><span class=\"wixui-rich-text__text\" style=\"color: #ffffff;\">+33 4 83 43 34 40<\/span><\/p>\n<\/div>\n<div id=\"comp-m56sd5vq2\" class=\"Z_l5lU ku3DBC zQ9jDz qvSjx3 Vq6kJx comp-m56sd5vq2 wixui-rich-text\" data-testid=\"richTextElement\">\n<p class=\"font_8 wixui-rich-text__text\" style=\"text-align: center;\"><span class=\"wixui-rich-text__text\" style=\"color: #ffffff;\"><a data-auto-recognition=\"true\" href=\"mailto:contact@novostable.com\" class=\"wixui-rich-text__text\" style=\"color: #ffffff;\">contact@novostable.com<\/a><\/span><\/p>\n<p class=\"font_8 wixui-rich-text__text\" style=\"text-align: center;\"><span class=\"wixui-rich-text__text\" style=\"color: #ffffff;\"><\/span><\/p>\n<\/div>\n<p>[\/et_pb_text][et_pb_social_media_follow icon_color=\u00a0\u00bb#FFFFFF\u00a0\u00bb use_icon_font_size=\u00a0\u00bbon\u00a0\u00bb icon_font_size=\u00a0\u00bb22px\u00a0\u00bb _builder_version=\u00a0\u00bb4.24.0&Prime; _module_preset=\u00a0\u00bbdefault\u00a0\u00bb custom_padding=\u00a0\u00bb2px|||||\u00a0\u00bb global_colors_info=\u00a0\u00bb{}\u00a0\u00bb][et_pb_social_media_follow_network social_network=\u00a0\u00bbfacebook\u00a0\u00bb url=\u00a0\u00bbhttps:\/\/www.facebook.com\/novostable\u00a0\u00bb _builder_version=\u00a0\u00bb4.24.0&Prime; _module_preset=\u00a0\u00bbdefault\u00a0\u00bb background_color=\u00a0\u00bb#0F2A2E\u00a0\u00bb background_enable_color=\u00a0\u00bbon\u00a0\u00bb global_colors_info=\u00a0\u00bb{}\u00a0\u00bb follow_button=\u00a0\u00bboff\u00a0\u00bb url_new_window=\u00a0\u00bbon\u00a0\u00bb]facebook[\/et_pb_social_media_follow_network][et_pb_social_media_follow_network social_network=\u00a0\u00bbinstagram\u00a0\u00bb url=\u00a0\u00bbhttps:\/\/www.instagram.com\/novostable\/\u00a0\u00bb _builder_version=\u00a0\u00bb4.24.0&Prime; _module_preset=\u00a0\u00bbdefault\u00a0\u00bb background_color=\u00a0\u00bb#0F2A2E\u00a0\u00bb background_enable_color=\u00a0\u00bbon\u00a0\u00bb global_colors_info=\u00a0\u00bb{}\u00a0\u00bb follow_button=\u00a0\u00bboff\u00a0\u00bb url_new_window=\u00a0\u00bbon\u00a0\u00bb]instagram[\/et_pb_social_media_follow_network][et_pb_social_media_follow_network social_network=\u00a0\u00bblinkedin\u00a0\u00bb url=\u00a0\u00bbhttps:\/\/www.linkedin.com\/showcase\/novostable\/\u00a0\u00bb _builder_version=\u00a0\u00bb4.24.0&Prime; _module_preset=\u00a0\u00bbdefault\u00a0\u00bb background_color=\u00a0\u00bb#0F2A2E\u00a0\u00bb background_enable_color=\u00a0\u00bbon\u00a0\u00bb global_colors_info=\u00a0\u00bb{}\u00a0\u00bb follow_button=\u00a0\u00bboff\u00a0\u00bb url_new_window=\u00a0\u00bbon\u00a0\u00bb]linkedin[\/et_pb_social_media_follow_network][\/et_pb_social_media_follow][et_pb_button button_url=\u00a0\u00bbhttps:\/\/www.novostable.com\/commencer-mon-devis-en-ligne\u00a0\u00bb button_text=\u00a0\u00bbFormulaire contact\u00a0\u00bb button_alignment=\u00a0\u00bbcenter\u00a0\u00bb _builder_version=\u00a0\u00bb4.27.4&Prime; _module_preset=\u00a0\u00bbdefault\u00a0\u00bb button_bg_color=\u00a0\u00bb#9FB6C1&Prime; button_border_width=\u00a0\u00bb0px\u00a0\u00bb button_border_color=\u00a0\u00bb#FFFFFF\u00a0\u00bb button_border_radius=\u00a0\u00bb5px\u00a0\u00bb global_colors_info=\u00a0\u00bb{}\u00a0\u00bb][\/et_pb_button][\/et_pb_column][\/et_pb_row][et_pb_row _builder_version=\u00a0\u00bb4.27.4&Prime; _module_preset=\u00a0\u00bbdefault\u00a0\u00bb min_height=\u00a0\u00bb106.1px\u00a0\u00bb custom_padding=\u00a0\u00bb||0px|||\u00a0\u00bb locked=\u00a0\u00bboff\u00a0\u00bb global_colors_info=\u00a0\u00bb{}\u00a0\u00bb][et_pb_column type=\u00a0\u00bb4_4&Prime; _builder_version=\u00a0\u00bb4.27.4&Prime; _module_preset=\u00a0\u00bbdefault\u00a0\u00bb global_colors_info=\u00a0\u00bb{}\u00a0\u00bb][et_pb_text _builder_version=\u00a0\u00bb4.27.4&Prime; _module_preset=\u00a0\u00bbdefault\u00a0\u00bb custom_margin=\u00a0\u00bb-27px|||||\u00a0\u00bb hover_enabled=\u00a0\u00bb0&Prime; global_colors_info=\u00a0\u00bb{}\u00a0\u00bb sticky_enabled=\u00a0\u00bb0&Prime;]<\/p>\n<h2 class=\"font_3 wixui-rich-text__text\"><span class=\"wixui-rich-text__text\">DES PARTENAIRES DE CONFIANCE DANS LE MONDE ENTIER<\/span><\/h2>\n<p>Nos distributeurs agr\u00e9\u00e9s partagent notre engagement envers la qualit\u00e9, vous garantissant le meilleur service, o\u00f9 que vous soyez.<\/p>\n<p>[\/et_pb_text][\/et_pb_column][\/et_pb_row][\/et_pb_section][et_pb_section fb_built=\u00a0\u00bb1&Prime; _builder_version=\u00a0\u00bb4.27.4&Prime; _module_preset=\u00a0\u00bbdefault\u00a0\u00bb custom_margin=\u00a0\u00bb-24px|||||\u00a0\u00bb locked=\u00a0\u00bboff\u00a0\u00bb global_colors_info=\u00a0\u00bb{}\u00a0\u00bb][et_pb_row column_structure=\u00a0\u00bb1_2,1_2&Prime; _builder_version=\u00a0\u00bb4.27.4&Prime; _module_preset=\u00a0\u00bbdefault\u00a0\u00bb custom_padding=\u00a0\u00bb0px|||||\u00a0\u00bb global_colors_info=\u00a0\u00bb{}\u00a0\u00bb][et_pb_column type=\u00a0\u00bb1_2&Prime; _builder_version=\u00a0\u00bb4.27.4&Prime; _module_preset=\u00a0\u00bbdefault\u00a0\u00bb background_color=\u00a0\u00bb#EAE5DE\u00a0\u00bb global_colors_info=\u00a0\u00bb{}\u00a0\u00bb][dsm_flipbox flipbox_height=\u00a0\u00bb425px\u00a0\u00bb disabled_on=\u00a0\u00bboff|off|off\u00a0\u00bb _builder_version=\u00a0\u00bb4.27.4&Prime; _module_preset=\u00a0\u00bbdefault\u00a0\u00bb custom_padding=\u00a0\u00bb||19px|||\u00a0\u00bb animation_style=\u00a0\u00bbfade\u00a0\u00bb global_colors_info=\u00a0\u00bb{}\u00a0\u00bb][dsm_flipbox_child title=\u00a0\u00bbBELGIQUE\u00a0\u00bb subtitle=\u00a0\u00bbHorsemotion\u00a0\u00bb image=\u00a0\u00bbhttps:\/\/novostableracing.com\/wp-content\/uploads\/2025\/04\/logo-horse-motion.avif\u00a0\u00bb image_max_width=\u00a0\u00bb60%\u00a0\u00bb button_url_new_window=\u00a0\u00bb1&Prime; _builder_version=\u00a0\u00bb4.27.4&Prime; _module_preset=\u00a0\u00bbdefault\u00a0\u00bb background_color=\u00a0\u00bbRGBA(255,255,255,0)\u00a0\u00bb background_enable_color=\u00a0\u00bbon\u00a0\u00bb custom_padding=\u00a0\u00bb|||35px|false|false\u00a0\u00bb hover_transition_duration=\u00a0\u00bb0ms\u00a0\u00bb border_radii_image=\u00a0\u00bbon|2px|2px|2px|2px\u00a0\u00bb global_colors_info=\u00a0\u00bb{}\u00a0\u00bb]<\/p>\n<p class=\"font_8 wixui-rich-text__text\"><span class=\"wixui-rich-text__text\"><a href=\"mailto:support@horsemotion.be\" target=\"_self\" class=\"wixui-rich-text__text\">support@horsemotion.be<\/a><\/span><\/p>\n<p class=\"font_8 wixui-rich-text__text\"><span class=\"wixui-rich-text__text\">Charlotte: +32 472 86 18 02<\/span><\/p>\n<p class=\"font_8 wixui-rich-text__text\"><span class=\"wixui-rich-text__text\">Robin +32 478 96 00 09<\/span><\/p>\n<p>[\/dsm_flipbox_child][dsm_flipbox_child title=\u00a0\u00bb BELGIQUE\u00a0\u00bb subtitle=\u00a0\u00bbHorsemotion\u00a0\u00bb image=\u00a0\u00bbhttps:\/\/novostableracing.com\/wp-content\/uploads\/2025\/04\/logo-horse-motion.avif\u00a0\u00bb image_max_width=\u00a0\u00bb60%\u00a0\u00bb button_text=\u00a0\u00bbEn savoir plus\u00a0\u00bb button_url=\u00a0\u00bbhttps:\/\/horsemotion.be\/en\/\u00a0\u00bb button_url_new_window=\u00a0\u00bbon\u00a0\u00bb _builder_version=\u00a0\u00bb4.27.4&Prime; _module_preset=\u00a0\u00bbdefault\u00a0\u00bb background_color=\u00a0\u00bbRGBA(255,255,255,0)\u00a0\u00bb background_enable_color=\u00a0\u00bbon\u00a0\u00bb custom_padding=\u00a0\u00bb|||35px|false|false\u00a0\u00bb hover_transition_duration=\u00a0\u00bb0ms\u00a0\u00bb global_colors_info=\u00a0\u00bb{}\u00a0\u00bb]<\/p>\n<p class=\"font_8 wixui-rich-text__text\"><span class=\"wixui-rich-text__text\"><a href=\"mailto:support@horsemotion.be\" target=\"_self\" class=\"wixui-rich-text__text\">support@horsemotion.be<\/a><\/span><\/p>\n<p class=\"font_8 wixui-rich-text__text\"><span class=\"wixui-rich-text__text\">Charlotte: +32 472 86 18 02 <\/span><\/p>\n<p class=\"font_8 wixui-rich-text__text\"><span class=\"wixui-rich-text__text\">Robin +32 478 96 00 09<\/span><\/p>\n<p>[\/dsm_flipbox_child][\/dsm_flipbox][\/et_pb_column][et_pb_column type=\u00a0\u00bb1_2&Prime; _builder_version=\u00a0\u00bb4.27.4&Prime; _module_preset=\u00a0\u00bbdefault\u00a0\u00bb global_colors_info=\u00a0\u00bb{}\u00a0\u00bb][dsm_flipbox flipbox_height=\u00a0\u00bb425px\u00a0\u00bb disabled_on=\u00a0\u00bboff|off|off\u00a0\u00bb _builder_version=\u00a0\u00bb4.27.4&Prime; _module_preset=\u00a0\u00bbdefault\u00a0\u00bb background_color=\u00a0\u00bb#EAE5DE\u00a0\u00bb custom_padding=\u00a0\u00bb||19px|||\u00a0\u00bb animation_style=\u00a0\u00bbfade\u00a0\u00bb global_colors_info=\u00a0\u00bb{}\u00a0\u00bb][dsm_flipbox_child title=\u00a0\u00bbTURQUIE\u00a0\u00bb subtitle=\u00a0\u00bbSmart Stable\u00a0\u00bb image=\u00a0\u00bbhttps:\/\/novostableracing.com\/wp-content\/uploads\/2025\/04\/logo_smart-stable-site.png\u00a0\u00bb image_max_width=\u00a0\u00bb40%\u00a0\u00bb button_url_new_window=\u00a0\u00bb1&Prime; _builder_version=\u00a0\u00bb4.27.4&Prime; _module_preset=\u00a0\u00bbdefault\u00a0\u00bb background_color=\u00a0\u00bbRGBA(255,255,255,0)\u00a0\u00bb background_enable_color=\u00a0\u00bbon\u00a0\u00bb custom_padding=\u00a0\u00bb|||35px|false|false\u00a0\u00bb hover_transition_duration=\u00a0\u00bb0ms\u00a0\u00bb border_radii_image=\u00a0\u00bbon|2px|2px|2px|2px\u00a0\u00bb global_colors_info=\u00a0\u00bb{}\u00a0\u00bb]<\/p>\n<p class=\"font_8 wixui-rich-text__text\"><span class=\"wixui-rich-text__text\"><\/span><\/p>\n<p class=\"font_8 wixui-rich-text__text\"><a href=\"mailto:cburgaz@smartstable.com.tr\" target=\"_self\" class=\"wixui-rich-text__text\"><span class=\"wixui-rich-text__text\">cburgaz@smartstable.com.tr<\/span><\/a><\/p>\n<p class=\"font_8 wixui-rich-text__text\"><span class=\"wixui-rich-text__text\"><a href=\"mailto:mesutakin@smartstable.com.tr\" target=\"_self\" class=\"wixui-rich-text__text\">mesutakin@smartstable.com.tr<\/a><\/span><\/p>\n<p class=\"font_8 wixui-rich-text__text\"><span class=\"wixui-rich-text__text\">T\u00e9l : +90 536 680 86 66<\/span><\/p>\n<p>[\/dsm_flipbox_child][dsm_flipbox_child title=\u00a0\u00bbTURQUIE\u00a0\u00bb subtitle=\u00a0\u00bbSmart Stable\u00a0\u00bb image=\u00a0\u00bbhttps:\/\/novostableracing.com\/wp-content\/uploads\/2025\/04\/logo_smart-stable-site.png\u00a0\u00bb image_max_width=\u00a0\u00bb40%\u00a0\u00bb button_text=\u00a0\u00bbEn savoir plus\u00a0\u00bb button_url=\u00a0\u00bbhttps:\/\/smartstable.com.tr\/\u00a0\u00bb button_url_new_window=\u00a0\u00bbon\u00a0\u00bb _builder_version=\u00a0\u00bb4.27.4&Prime; _module_preset=\u00a0\u00bbdefault\u00a0\u00bb background_color=\u00a0\u00bbRGBA(255,255,255,0)\u00a0\u00bb background_enable_color=\u00a0\u00bbon\u00a0\u00bb custom_padding=\u00a0\u00bb|||35px|false|false\u00a0\u00bb hover_transition_duration=\u00a0\u00bb0ms\u00a0\u00bb global_colors_info=\u00a0\u00bb{}\u00a0\u00bb]<\/p>\n<p class=\"font_8 wixui-rich-text__text\"><span class=\"wixui-rich-text__text\"><\/span><\/p>\n<p class=\"font_8 wixui-rich-text__text\"><a href=\"mailto:cburgaz@smartstable.com.tr\" target=\"_self\" class=\"wixui-rich-text__text\"><span class=\"wixui-rich-text__text\">cburgaz@smartstable.com.tr<\/span><\/a><\/p>\n<p class=\"font_8 wixui-rich-text__text\"><span class=\"wixui-rich-text__text\"><a href=\"mailto:mesutakin@smartstable.com.tr\" target=\"_self\" class=\"wixui-rich-text__text\">mesutakin@smartstable.com.tr<\/a><\/span><\/p>\n<p class=\"font_8 wixui-rich-text__text\"><span class=\"wixui-rich-text__text\">T\u00e9l : +90 536 680 86 66<\/span><\/p>\n<p>[\/dsm_flipbox_child][\/dsm_flipbox][\/et_pb_column][\/et_pb_row][\/et_pb_section]<\/p>\n","protected":false},"excerpt":{"rendered":"<p>Nous contacter \u00a0Contactez Nous \u00a0 \u00a0 \u00a0 \u00a0 \u00a0 \u00a0 \u00a0 \u00a0 \u00a0 \u00a0 \u00a05 bis avenue du Pr\u00e9 Closet\u00a0 \u00a0 \u00a0 \u00a0 \u00a0 \u00a0 \u00a0 \u00a0 \u00a0 \u00a0 \u00a0 74940 Annecy FRANCE +33 4 83 43 34 40 contact@novostable.com DES PARTENAIRES DE CONFIANCE DANS LE MONDE ENTIER Nos distributeurs agr\u00e9\u00e9s partagent notre engagement envers [&hellip;]<\/p>\n","protected":false},"author":1,"featured_media":0,"parent":0,"menu_order":0,"comment_status":"closed","ping_status":"closed","template":"","meta":{"_et_pb_use_builder":"on","_et_pb_old_content":"<!-- wp:divi\/placeholder \/-->","_et_gb_content_width":"","content-type":"","footnotes":""},"class_list":["post-89","page","type-page","status-publish","hentry"],"yoast_head":"<!-- This site is optimized with the Yoast SEO plugin v24.1 - https:\/\/yoast.com\/wordpress\/plugins\/seo\/ -->\n<title>Contact - NOVOSTABLE<\/title>\n<meta name=\"robots\" content=\"index, follow, max-snippet:-1, max-image-preview:large, max-video-preview:-1\" \/>\n<link rel=\"canonical\" href=\"https:\/\/novostableracing.com\/fr\/contact\/\" \/>\n<meta property=\"og:locale\" content=\"fr_FR\" \/>\n<meta property=\"og:type\" content=\"article\" \/>\n<meta property=\"og:title\" content=\"Contact - NOVOSTABLE\" \/>\n<meta property=\"og:description\" content=\"Nous contacter \u00a0Contactez Nous \u00a0 \u00a0 \u00a0 \u00a0 \u00a0 \u00a0 \u00a0 \u00a0 \u00a0 \u00a0 \u00a05 bis avenue du Pr\u00e9 Closet\u00a0 \u00a0 \u00a0 \u00a0 \u00a0 \u00a0 \u00a0 \u00a0 \u00a0 \u00a0 \u00a0 74940 Annecy FRANCE +33 4 83 43 34 40 contact@novostable.com DES PARTENAIRES DE CONFIANCE DANS LE MONDE ENTIER Nos distributeurs agr\u00e9\u00e9s partagent notre engagement envers [&hellip;]\" \/>\n<meta property=\"og:url\" content=\"https:\/\/novostableracing.com\/fr\/contact\/\" \/>\n<meta property=\"og:site_name\" content=\"NOVOSTABLE\" \/>\n<meta property=\"article:modified_time\" content=\"2026-02-06T15:48:14+00:00\" \/>\n<meta name=\"twitter:card\" content=\"summary_large_image\" \/>\n<meta name=\"twitter:label1\" content=\"Dur\u00e9e de lecture estim\u00e9e\" \/>\n\t<meta name=\"twitter:data1\" content=\"5 minutes\" \/>\n<script type=\"application\/ld+json\" class=\"yoast-schema-graph\">{\"@context\":\"https:\/\/schema.org\",\"@graph\":[{\"@type\":\"WebPage\",\"@id\":\"https:\/\/novostableracing.com\/fr\/contact\/\",\"url\":\"https:\/\/novostableracing.com\/fr\/contact\/\",\"name\":\"Contact - NOVOSTABLE\",\"isPartOf\":{\"@id\":\"https:\/\/novostableracing.com\/fr\/#website\"},\"datePublished\":\"2024-06-19T13:56:42+00:00\",\"dateModified\":\"2026-02-06T15:48:14+00:00\",\"breadcrumb\":{\"@id\":\"https:\/\/novostableracing.com\/fr\/contact\/#breadcrumb\"},\"inLanguage\":\"fr-FR\",\"potentialAction\":[{\"@type\":\"ReadAction\",\"target\":[\"https:\/\/novostableracing.com\/fr\/contact\/\"]}]},{\"@type\":\"BreadcrumbList\",\"@id\":\"https:\/\/novostableracing.com\/fr\/contact\/#breadcrumb\",\"itemListElement\":[{\"@type\":\"ListItem\",\"position\":1,\"name\":\"Accueil\",\"item\":\"https:\/\/novostableracing.com\/fr\/\"},{\"@type\":\"ListItem\",\"position\":2,\"name\":\"Contact\"}]},{\"@type\":\"WebSite\",\"@id\":\"https:\/\/novostableracing.com\/fr\/#website\",\"url\":\"https:\/\/novostableracing.com\/fr\/\",\"name\":\"NOVOSTABLE\",\"description\":\"Care for horses\",\"publisher\":{\"@id\":\"https:\/\/novostableracing.com\/fr\/#organization\"},\"potentialAction\":[{\"@type\":\"SearchAction\",\"target\":{\"@type\":\"EntryPoint\",\"urlTemplate\":\"https:\/\/novostableracing.com\/fr\/?s={search_term_string}\"},\"query-input\":{\"@type\":\"PropertyValueSpecification\",\"valueRequired\":true,\"valueName\":\"search_term_string\"}}],\"inLanguage\":\"fr-FR\"},{\"@type\":\"Organization\",\"@id\":\"https:\/\/novostableracing.com\/fr\/#organization\",\"name\":\"NOVOSTABLE\",\"url\":\"https:\/\/novostableracing.com\/fr\/\",\"logo\":{\"@type\":\"ImageObject\",\"inLanguage\":\"fr-FR\",\"@id\":\"https:\/\/novostableracing.com\/fr\/#\/schema\/logo\/image\/\",\"url\":\"https:\/\/novostableracing.com\/wp-content\/uploads\/2024\/12\/logo-novostable-bleu.jpg\",\"contentUrl\":\"https:\/\/novostableracing.com\/wp-content\/uploads\/2024\/12\/logo-novostable-bleu.jpg\",\"width\":297,\"height\":83,\"caption\":\"NOVOSTABLE\"},\"image\":{\"@id\":\"https:\/\/novostableracing.com\/fr\/#\/schema\/logo\/image\/\"}}]}<\/script>\n<!-- \/ Yoast SEO plugin. -->","yoast_head_json":{"title":"Contact - NOVOSTABLE","robots":{"index":"index","follow":"follow","max-snippet":"max-snippet:-1","max-image-preview":"max-image-preview:large","max-video-preview":"max-video-preview:-1"},"canonical":"https:\/\/novostableracing.com\/fr\/contact\/","og_locale":"fr_FR","og_type":"article","og_title":"Contact - NOVOSTABLE","og_description":"Nous contacter \u00a0Contactez Nous \u00a0 \u00a0 \u00a0 \u00a0 \u00a0 \u00a0 \u00a0 \u00a0 \u00a0 \u00a0 \u00a05 bis avenue du Pr\u00e9 Closet\u00a0 \u00a0 \u00a0 \u00a0 \u00a0 \u00a0 \u00a0 \u00a0 \u00a0 \u00a0 \u00a0 74940 Annecy FRANCE +33 4 83 43 34 40 contact@novostable.com DES PARTENAIRES DE CONFIANCE DANS LE MONDE ENTIER Nos distributeurs agr\u00e9\u00e9s partagent notre engagement envers [&hellip;]","og_url":"https:\/\/novostableracing.com\/fr\/contact\/","og_site_name":"NOVOSTABLE","article_modified_time":"2026-02-06T15:48:14+00:00","twitter_card":"summary_large_image","twitter_misc":{"Dur\u00e9e de lecture estim\u00e9e":"5 minutes"},"schema":{"@context":"https:\/\/schema.org","@graph":[{"@type":"WebPage","@id":"https:\/\/novostableracing.com\/fr\/contact\/","url":"https:\/\/novostableracing.com\/fr\/contact\/","name":"Contact - NOVOSTABLE","isPartOf":{"@id":"https:\/\/novostableracing.com\/fr\/#website"},"datePublished":"2024-06-19T13:56:42+00:00","dateModified":"2026-02-06T15:48:14+00:00","breadcrumb":{"@id":"https:\/\/novostableracing.com\/fr\/contact\/#breadcrumb"},"inLanguage":"fr-FR","potentialAction":[{"@type":"ReadAction","target":["https:\/\/novostableracing.com\/fr\/contact\/"]}]},{"@type":"BreadcrumbList","@id":"https:\/\/novostableracing.com\/fr\/contact\/#breadcrumb","itemListElement":[{"@type":"ListItem","position":1,"name":"Accueil","item":"https:\/\/novostableracing.com\/fr\/"},{"@type":"ListItem","position":2,"name":"Contact"}]},{"@type":"WebSite","@id":"https:\/\/novostableracing.com\/fr\/#website","url":"https:\/\/novostableracing.com\/fr\/","name":"NOVOSTABLE","description":"Care for horses","publisher":{"@id":"https:\/\/novostableracing.com\/fr\/#organization"},"potentialAction":[{"@type":"SearchAction","target":{"@type":"EntryPoint","urlTemplate":"https:\/\/novostableracing.com\/fr\/?s={search_term_string}"},"query-input":{"@type":"PropertyValueSpecification","valueRequired":true,"valueName":"search_term_string"}}],"inLanguage":"fr-FR"},{"@type":"Organization","@id":"https:\/\/novostableracing.com\/fr\/#organization","name":"NOVOSTABLE","url":"https:\/\/novostableracing.com\/fr\/","logo":{"@type":"ImageObject","inLanguage":"fr-FR","@id":"https:\/\/novostableracing.com\/fr\/#\/schema\/logo\/image\/","url":"https:\/\/novostableracing.com\/wp-content\/uploads\/2024\/12\/logo-novostable-bleu.jpg","contentUrl":"https:\/\/novostableracing.com\/wp-content\/uploads\/2024\/12\/logo-novostable-bleu.jpg","width":297,"height":83,"caption":"NOVOSTABLE"},"image":{"@id":"https:\/\/novostableracing.com\/fr\/#\/schema\/logo\/image\/"}}]}},"_links":{"self":[{"href":"https:\/\/novostableracing.com\/fr\/wp-json\/wp\/v2\/pages\/89","targetHints":{"allow":["GET"]}}],"collection":[{"href":"https:\/\/novostableracing.com\/fr\/wp-json\/wp\/v2\/pages"}],"about":[{"href":"https:\/\/novostableracing.com\/fr\/wp-json\/wp\/v2\/types\/page"}],"author":[{"embeddable":true,"href":"https:\/\/novostableracing.com\/fr\/wp-json\/wp\/v2\/users\/1"}],"replies":[{"embeddable":true,"href":"https:\/\/novostableracing.com\/fr\/wp-json\/wp\/v2\/comments?post=89"}],"version-history":[{"count":21,"href":"https:\/\/novostableracing.com\/fr\/wp-json\/wp\/v2\/pages\/89\/revisions"}],"predecessor-version":[{"id":1587,"href":"https:\/\/novostableracing.com\/fr\/wp-json\/wp\/v2\/pages\/89\/revisions\/1587"}],"wp:attachment":[{"href":"https:\/\/novostableracing.com\/fr\/wp-json\/wp\/v2\/media?parent=89"}],"curies":[{"name":"wp","href":"https:\/\/api.w.org\/{rel}","templated":true}]}}